{"id":9778,"date":"2025-02-05T21:21:12","date_gmt":"2025-02-05T20:21:12","guid":{"rendered":"https:\/\/www.komarno.fara.sk\/?page_id=9778"},"modified":"2025-02-10T22:51:24","modified_gmt":"2025-02-10T21:51:24","slug":"o-farnosti","status":"publish","type":"page","link":"https:\/\/www.komarno.fara.sk\/?page_id=9778","title":{"rendered":"Farnos\u0165"},"content":{"rendered":"\n<div class=\"wp-block-group alignfull is-style-section-2 is-content-justification-center\" style=\"margin-top:0;margin-bottom:0;padding-top:var(--wp--preset--spacing--50);padding-bottom:var(--wp--preset--spacing--50)\"><div class=\"wp-block-group__inner-container is-layout-constrained wp-block-group-is-layout-constrained\">\n<p class=\"has-text-align-center\">Duchovnou starostlivos\u0165ou o farnos\u0165 s\u00fa biskupom poveren\u00ed<\/p>\n\n\n\n<div class=\"wp-block-group alignwide\"><div class=\"wp-block-group__inner-container is-layout-flow wp-block-group-is-layout-flow\">\n<div class=\"wp-block-group alignwide\"><div class=\"wp-block-group__inner-container is-layout-flow wp-block-group-is-layout-flow\">\n<div class=\"wp-block-columns alignwide is-layout-flex wp-container-core-columns-is-layout-5c84f8b0 wp-block-columns-is-layout-flex\">\n<div class=\"wp-block-column is-layout-flow wp-block-column-is-layout-flow\">\n<figure class=\"wp-block-gallery has-nested-images columns-default is-cropped wp-block-gallery-1 is-layout-flex wp-block-gallery-is-layout-flex\">\n<figure class=\"wp-block-image size-thumbnail is-style-rounded\"><img loading=\"lazy\" decoding=\"async\" width=\"150\" height=\"150\" data-id=\"9896\" src=\"http:\/\/www.komarno.fara.sk\/wp-content\/uploads\/2025\/02\/pngtree-person-gray-photo-placeholder-man-silhouette-on-white-background-png-image_4853539-150x150.png\" alt=\"\" class=\"wp-image-9896\" style=\"aspect-ratio:1;object-fit:cover\" srcset=\"https:\/\/www.komarno.fara.sk\/wp-content\/uploads\/2025\/02\/pngtree-person-gray-photo-placeholder-man-silhouette-on-white-background-png-image_4853539-150x150.png 150w, https:\/\/www.komarno.fara.sk\/wp-content\/uploads\/2025\/02\/pngtree-person-gray-photo-placeholder-man-silhouette-on-white-background-png-image_4853539-300x300.png 300w, https:\/\/www.komarno.fara.sk\/wp-content\/uploads\/2025\/02\/pngtree-person-gray-photo-placeholder-man-silhouette-on-white-background-png-image_4853539-75x75.png 75w, https:\/\/www.komarno.fara.sk\/wp-content\/uploads\/2025\/02\/pngtree-person-gray-photo-placeholder-man-silhouette-on-white-background-png-image_4853539.png 360w\" sizes=\"auto, (max-width: 150px) 100vw, 150px\" \/><\/figure>\n<\/figure>\n\n\n\n<h3 class=\"wp-block-heading has-text-align-center\" style=\"font-size:15px\">vsdp. R\u00f3bert Kiss, kanonik<\/h3>\n\n\n\n<p class=\"has-text-align-center has-small-font-size\">spr\u00e1vca farnosti, dekan<\/p>\n<\/div>\n\n\n\n<div class=\"wp-block-column is-layout-flow wp-block-column-is-layout-flow\">\n<figure class=\"wp-block-image size-full is-style-rounded\"><img loading=\"lazy\" decoding=\"async\" width=\"360\" height=\"360\" src=\"http:\/\/www.komarno.fara.sk\/wp-content\/uploads\/2025\/02\/pngtree-person-gray-photo-placeholder-man-silhouette-on-white-background-png-image_4853539.png\" alt=\"\" class=\"wp-image-9896\" style=\"aspect-ratio:1;object-fit:cover\" srcset=\"https:\/\/www.komarno.fara.sk\/wp-content\/uploads\/2025\/02\/pngtree-person-gray-photo-placeholder-man-silhouette-on-white-background-png-image_4853539.png 360w, https:\/\/www.komarno.fara.sk\/wp-content\/uploads\/2025\/02\/pngtree-person-gray-photo-placeholder-man-silhouette-on-white-background-png-image_4853539-150x150.png 150w, https:\/\/www.komarno.fara.sk\/wp-content\/uploads\/2025\/02\/pngtree-person-gray-photo-placeholder-man-silhouette-on-white-background-png-image_4853539-300x300.png 300w, https:\/\/www.komarno.fara.sk\/wp-content\/uploads\/2025\/02\/pngtree-person-gray-photo-placeholder-man-silhouette-on-white-background-png-image_4853539-75x75.png 75w\" sizes=\"auto, (max-width: 360px) 100vw, 360px\" \/><\/figure>\n\n\n\n<h3 class=\"wp-block-heading has-text-align-center\" style=\"font-size:15px\">vdp. Peter Juh\u00e1s<\/h3>\n\n\n\n<p class=\"has-text-align-center\" style=\"font-size:13px\">kapl\u00e1n pre slovensk\u00fdch veriacich<\/p>\n<\/div>\n\n\n\n<div class=\"wp-block-column is-layout-flow wp-block-column-is-layout-flow\">\n<figure class=\"wp-block-image size-full is-style-rounded\"><img loading=\"lazy\" decoding=\"async\" width=\"360\" height=\"360\" src=\"http:\/\/www.komarno.fara.sk\/wp-content\/uploads\/2025\/02\/pngtree-person-gray-photo-placeholder-man-silhouette-on-white-background-png-image_4853539.png\" alt=\"\" class=\"wp-image-9896\" style=\"aspect-ratio:1;object-fit:cover\" srcset=\"https:\/\/www.komarno.fara.sk\/wp-content\/uploads\/2025\/02\/pngtree-person-gray-photo-placeholder-man-silhouette-on-white-background-png-image_4853539.png 360w, https:\/\/www.komarno.fara.sk\/wp-content\/uploads\/2025\/02\/pngtree-person-gray-photo-placeholder-man-silhouette-on-white-background-png-image_4853539-150x150.png 150w, https:\/\/www.komarno.fara.sk\/wp-content\/uploads\/2025\/02\/pngtree-person-gray-photo-placeholder-man-silhouette-on-white-background-png-image_4853539-300x300.png 300w, https:\/\/www.komarno.fara.sk\/wp-content\/uploads\/2025\/02\/pngtree-person-gray-photo-placeholder-man-silhouette-on-white-background-png-image_4853539-75x75.png 75w\" sizes=\"auto, (max-width: 360px) 100vw, 360px\" \/><\/figure>\n\n\n\n<h3 class=\"wp-block-heading has-text-align-center\" style=\"font-size:15px\">vdp. Ern\u0151\u00a0Moln\u00e1r<\/h3>\n\n\n\n<p class=\"has-text-align-center\" style=\"font-size:13px\">kapl\u00e1n pre ma\u010farsk\u00fdch veriacich<\/p>\n<\/div>\n\n\n\n<div class=\"wp-block-column is-layout-flow wp-block-column-is-layout-flow\">\n<figure class=\"wp-block-image size-full is-style-rounded\"><img loading=\"lazy\" decoding=\"async\" width=\"360\" height=\"360\" src=\"http:\/\/www.komarno.fara.sk\/wp-content\/uploads\/2025\/02\/pngtree-person-gray-photo-placeholder-man-silhouette-on-white-background-png-image_4853539.png\" alt=\"\" class=\"wp-image-9896\" style=\"aspect-ratio:1;object-fit:cover\" srcset=\"https:\/\/www.komarno.fara.sk\/wp-content\/uploads\/2025\/02\/pngtree-person-gray-photo-placeholder-man-silhouette-on-white-background-png-image_4853539.png 360w, https:\/\/www.komarno.fara.sk\/wp-content\/uploads\/2025\/02\/pngtree-person-gray-photo-placeholder-man-silhouette-on-white-background-png-image_4853539-150x150.png 150w, https:\/\/www.komarno.fara.sk\/wp-content\/uploads\/2025\/02\/pngtree-person-gray-photo-placeholder-man-silhouette-on-white-background-png-image_4853539-300x300.png 300w, https:\/\/www.komarno.fara.sk\/wp-content\/uploads\/2025\/02\/pngtree-person-gray-photo-placeholder-man-silhouette-on-white-background-png-image_4853539-75x75.png 75w\" sizes=\"auto, (max-width: 360px) 100vw, 360px\" \/><\/figure>\n\n\n\n<h3 class=\"wp-block-heading has-text-align-center has-small-font-size\">vdp. Alexander \u0160imek<\/h3>\n\n\n\n<p class=\"has-text-align-center\" style=\"font-size:13px\">v\u00fdpomocn\u00fd duchovn\u00fd<\/p>\n\n\n\n<p><\/p>\n<\/div>\n<\/div>\n<\/div><\/div>\n<\/div><\/div>\n<\/div><\/div>\n\n\n\n<p><strong>\u010eal\u0161ie slu\u017eby vo farnosti:<\/strong><\/p>\n\n\n\n<ul class=\"wp-block-list\">\n<li><strong>vdp. Alexander \u0160imek<\/strong>,\u00a0v\u00fdpomocn\u00fd duchovn\u00fd (2006 \u2013 2008), \u00a0(2016 \u2013 \u2026)<\/li>\n\n\n\n<li><strong>vdp. J\u00e1nos Karaffa<\/strong>, spr\u00e1vca UPC a v\u00fdpomocn\u00fd duchovn\u00fd<\/li>\n\n\n\n<li><strong>vdp. Peter\u00a0<\/strong><strong>Nagy, ml.<\/strong>, duchovn\u00e1 spr\u00e1va cirkevnej \u0161koly Marianum<\/li>\n\n\n\n<li><strong>vdp. Feh\u00e9r\u00a0Tibor<\/strong>, duchovn\u00e1 spr\u00e1va cirkevnej \u0161koly Marianum<\/li>\n\n\n\n<li><strong>vdp. Peter\u00a0<\/strong><strong>Nagy<\/strong>, duchovn\u00e1 spr\u00e1va cirkevnej \u0161koly Marianum<\/li>\n\n\n\n<li><strong>vdp. L\u00f3rant\u00a0L\u00e9pes<\/strong>, spr\u00e1vca\u00a0R\u00e1dia M\u00e1ria, v\u00fdpomocn\u00fd duchovn\u00fd<\/li>\n\n\n\n<li><strong>dp. Nagy\u00a0Peter, ml.<\/strong>, diakon\u00a0(2013)<\/li>\n<\/ul>\n","protected":false},"excerpt":{"rendered":"<p>Duchovnou starostlivos\u0165ou o farnos\u0165 s\u00fa biskupom poveren\u00ed vsdp. R\u00f3bert Kiss, kanonik spr\u00e1vca farnosti, dekan vdp. Peter Juh\u00e1s kapl\u00e1n pre slovensk\u00fdch veriacich vdp. Ern\u0151\u00a0Moln\u00e1r kapl\u00e1n pre ma\u010farsk\u00fdch veriacich vdp. Alexander \u0160imek v\u00fdpomocn\u00fd duchovn\u00fd \u010eal\u0161ie slu\u017eby vo farnosti:<\/p>\n","protected":false},"author":15,"featured_media":0,"parent":0,"menu_order":0,"comment_status":"closed","ping_status":"closed","template":"","meta":{"footnotes":""},"class_list":["post-9778","page","type-page","status-publish","hentry"],"acf":[],"_links":{"self":[{"href":"https:\/\/www.komarno.fara.sk\/index.php?rest_route=\/wp\/v2\/pages\/9778","targetHints":{"allow":["GET"]}}],"collection":[{"href":"https:\/\/www.komarno.fara.sk\/index.php?rest_route=\/wp\/v2\/pages"}],"about":[{"href":"https:\/\/www.komarno.fara.sk\/index.php?rest_route=\/wp\/v2\/types\/page"}],"author":[{"embeddable":true,"href":"https:\/\/www.komarno.fara.sk\/index.php?rest_route=\/wp\/v2\/users\/15"}],"replies":[{"embeddable":true,"href":"https:\/\/www.komarno.fara.sk\/index.php?rest_route=%2Fwp%2Fv2%2Fcomments&post=9778"}],"version-history":[{"count":10,"href":"https:\/\/www.komarno.fara.sk\/index.php?rest_route=\/wp\/v2\/pages\/9778\/revisions"}],"predecessor-version":[{"id":9904,"href":"https:\/\/www.komarno.fara.sk\/index.php?rest_route=\/wp\/v2\/pages\/9778\/revisions\/9904"}],"wp:attachment":[{"href":"https:\/\/www.komarno.fara.sk\/index.php?rest_route=%2Fwp%2Fv2%2Fmedia&parent=9778"}],"curies":[{"name":"wp","href":"https:\/\/api.w.org\/{rel}","templated":true}]}}