{"id":9244,"date":"2024-04-07T23:55:02","date_gmt":"2024-04-07T21:55:02","guid":{"rendered":"https:\/\/www.komarno.fara.sk\/?page_id=9244"},"modified":"2024-04-07T23:55:02","modified_gmt":"2024-04-07T21:55:02","slug":"novinky","status":"publish","type":"page","link":"https:\/\/www.komarno.fara.sk\/?page_id=9244","title":{"rendered":"Novinky"},"content":{"rendered":"\n<div class=\"wp-block-query is-layout-flow wp-block-query-is-layout-flow\"><ul class=\"wp-block-post-template is-layout-flow wp-block-post-template-is-layout-flow\"><li class=\"wp-block-post post-10143 post type-post status-publish format-standard hentry category-podujatia-farnosti\">\n\n<div class=\"wp-block-columns are-vertically-aligned-center is-layout-flex wp-container-core-columns-is-layout-9d6595d7 wp-block-columns-is-layout-flex\">\n<div class=\"wp-block-column is-vertically-aligned-center is-layout-flow wp-block-column-is-layout-flow\" style=\"flex-basis:25%\"><\/div>\n\n\n\n<div class=\"wp-block-column is-vertically-aligned-center is-layout-flow wp-block-column-is-layout-flow\" style=\"flex-basis:75%\"><h2 class=\"wp-block-post-title\"><a href=\"https:\/\/www.komarno.fara.sk\/?p=10143\" target=\"_self\" >Utorok 13.m\u00e1ja nemocni\u010dn\u00e1 kaplnka<\/a><\/h2><\/div>\n<\/div>\n\n<\/li><li class=\"wp-block-post post-10135 post type-post status-publish format-standard hentry category-udalosti\">\n\n<div class=\"wp-block-columns are-vertically-aligned-center is-layout-flex wp-container-core-columns-is-layout-9d6595d7 wp-block-columns-is-layout-flex\">\n<div class=\"wp-block-column is-vertically-aligned-center is-layout-flow wp-block-column-is-layout-flow\" style=\"flex-basis:25%\"><\/div>\n\n\n\n<div class=\"wp-block-column is-vertically-aligned-center is-layout-flow wp-block-column-is-layout-flow\" style=\"flex-basis:75%\"><h2 class=\"wp-block-post-title\"><a href=\"https:\/\/www.komarno.fara.sk\/?p=10135\" target=\"_self\" >Na\u0161i mini\u0161tranti sa s p. kapl\u00e1nom z\u00fa\u010dastnili Jubilejnej p\u00fate mini\u0161trantov v Katedr\u00e1le sv. J\u00e1na Krstite\u013ea v Trnave.<\/a><\/h2><\/div>\n<\/div>\n\n<\/li><li class=\"wp-block-post post-10081 post type-post status-publish format-standard hentry category-pozvanky\">\n\n<div class=\"wp-block-columns are-vertically-aligned-center is-layout-flex wp-container-core-columns-is-layout-9d6595d7 wp-block-columns-is-layout-flex\">\n<div class=\"wp-block-column is-vertically-aligned-center is-layout-flow wp-block-column-is-layout-flow\" style=\"flex-basis:25%\"><\/div>\n\n\n\n<div class=\"wp-block-column is-vertically-aligned-center is-layout-flow wp-block-column-is-layout-flow\" style=\"flex-basis:75%\"><h2 class=\"wp-block-post-title\"><a href=\"https:\/\/www.komarno.fara.sk\/?p=10081\" target=\"_self\" >27.06.2025 Farsk\u00fd denn\u00fd t\u00e1bor<\/a><\/h2><\/div>\n<\/div>\n\n<\/li><\/ul><\/div>\n","protected":false},"excerpt":{"rendered":"","protected":false},"author":15,"featured_media":0,"parent":0,"menu_order":0,"comment_status":"closed","ping_status":"closed","template":"","meta":{"footnotes":""},"class_list":["post-9244","page","type-page","status-publish","hentry"],"acf":[],"_links":{"self":[{"href":"https:\/\/www.komarno.fara.sk\/index.php?rest_route=\/wp\/v2\/pages\/9244","targetHints":{"allow":["GET"]}}],"collection":[{"href":"https:\/\/www.komarno.fara.sk\/index.php?rest_route=\/wp\/v2\/pages"}],"about":[{"href":"https:\/\/www.komarno.fara.sk\/index.php?rest_route=\/wp\/v2\/types\/page"}],"author":[{"embeddable":true,"href":"https:\/\/www.komarno.fara.sk\/index.php?rest_route=\/wp\/v2\/users\/15"}],"replies":[{"embeddable":true,"href":"https:\/\/www.komarno.fara.sk\/index.php?rest_route=%2Fwp%2Fv2%2Fcomments&post=9244"}],"version-history":[{"count":1,"href":"https:\/\/www.komarno.fara.sk\/index.php?rest_route=\/wp\/v2\/pages\/9244\/revisions"}],"predecessor-version":[{"id":9246,"href":"https:\/\/www.komarno.fara.sk\/index.php?rest_route=\/wp\/v2\/pages\/9244\/revisions\/9246"}],"wp:attachment":[{"href":"https:\/\/www.komarno.fara.sk\/index.php?rest_route=%2Fwp%2Fv2%2Fmedia&parent=9244"}],"curies":[{"name":"wp","href":"https:\/\/api.w.org\/{rel}","templated":true}]}}