{"id":5159,"date":"2015-04-21T22:25:28","date_gmt":"2015-04-21T20:25:28","guid":{"rendered":"http:\/\/www.komarno.fara.sk\/?page_id=5159"},"modified":"2022-06-20T22:28:53","modified_gmt":"2022-06-20T20:28:53","slug":"1-svate-prijimanie-dospeli","status":"publish","type":"page","link":"https:\/\/www.komarno.fara.sk\/?page_id=5159","title":{"rendered":"Prijatie Eucharistie &#8211; dospel\u00ed"},"content":{"rendered":"<p><span style=\"font-size: 12pt;\"><strong>Katech\u00e9za pokrsten\u00fdch dospel\u00fdch na inicia\u010dn\u00e9 sviatosti<\/strong><\/span><\/p>\n<p><span style=\"font-size: 12pt;\">&#8211; Pr\u00edprava na prijatie Eucharistie t\u00fdch dospel\u00fdch, ktor\u00ed boli pokrsten\u00ed v detstve, ale nedostali kres\u0165ansk\u00fa v\u00fdchovu, si vy\u017eaduje dlh\u0161\u00ed \u010das. Cie\u013eom pr\u00edpravy je posilni\u0165 ich kres\u0165ansk\u00fd \u017eivot vhodnou katech\u00e9zou.<\/span><\/p>\n<p><span style=\"font-size: 12pt;\">&#8211; Usporiadanie katech\u00e9zy zv\u00e4\u010d\u0161a zodpoved\u00e1 usporiadaniu <a href=\"http:\/\/www.komarno.fara.sk\/?page_id=5145\">katech\u00e9zy ur\u010denej pre katechumenov<\/a>.<\/span><\/p>\n<p><span style=\"font-size: 12pt;\">&#8211; Obdobie katech\u00e9zy nech sa primerane vlo\u017e\u00ed do liturgick\u00e9ho roka v podobnom trvan\u00ed ako pri katechumen\u00e1te. Cel\u00e1 form\u00e1cia zvy\u010dajne vrchol\u00ed po\u010das Ve\u013ekono\u010dn\u00e9ho obdobia.<\/span><\/p>\n<p>______________________<\/p>\n<p><span style=\"font-size: 12pt;\"><strong>\u00da\u010das\u0165 na Eucharistii spojen\u00e1 so vstupom do Katol\u00edckej cirkvi<\/strong><\/span><\/p>\n<p><span style=\"font-size: 12pt;\">&#8211; Pokrsten\u00ed kres\u0165ania, ktor\u00ed \u017eiadaj\u00fa aj prijatie do Katol\u00edckej cirkvi, maj\u00fa sa na tento vstup pripravi\u0165 katechetick\u00fdm pou\u010den\u00edm a duchovnou pr\u00edpravou.<\/span><\/p>\n<p><span style=\"font-size: 12pt;\">&#8211; Katech\u00e9za m\u00e1 zah\u0155\u0148a\u0165 ucelen\u00fa n\u00e1uku Katol\u00edckej cirkvi a vysvetlenie rozdielov.<\/span><\/p>\n<p><span style=\"font-size: 12pt;\">&#8211; Sviatos\u0165 krstu sa nem\u00e1 opakova\u0165. Nedovo\u013euje sa udeli\u0165 krst znova podmiene\u010dne, iba ak\u00a0pretrv\u00e1vaj\u00fa v\u00e1\u017ene pochybnosti o jeho fakte \u010di platnosti.<\/span><\/p>\n<p><span style=\"font-size: 12pt;\"><strong>&#8211; Ke\u010f\u017ee prijatie dospel\u00e9ho do pln\u00e9ho spolo\u010denstva Katol\u00edckej cirkvi znamen\u00e1 z\u00e1rove\u0148 \u00fa\u010das\u0165 na Eucharistii a jej prij\u00edmanie, t\u00ed, ktor\u00ed maj\u00fa prek\u00e1\u017eku pre prij\u00edmanie Eucharistie<\/strong> (napr. \u017eij\u00fa v neplatnom man\u017eelstve) <strong>nem\u00f4\u017eu by\u0165 prijat\u00ed do pln\u00e9ho spolo\u010denstva Cirkvi, k\u00fdm nepominie prek\u00e1\u017eka pre prij\u00edmanie Eucharistie.<\/strong><\/span><\/p>\n<p><span style=\"font-size: 12pt;\">&#8211; V pr\u00edpade veriacich v\u00fdchodn\u00fdch cirkvi (pravosl\u00e1vnej) sta\u010d\u00ed zlo\u017ei\u0165 vyznanie viery ako ho stanovila Katol\u00edcka cirkev. \u010clenovia v\u00fdchodn\u00fdch cirkv\u00ed sa zaradzuj\u00fa do gr\u00e9ckokatol\u00edckej cirkvi, to znamen\u00e1 ponech\u00e1vaj\u00fa si svoj obrad.<\/span><\/p>\n<p><span style=\"font-size: 12pt;\">&#8211; D\u013a\u017eka obdobia katechiz\u00e1cie nie je \u010dasovo vymedzen\u00e1. Z\u00e1vis\u00ed od predch\u00e1dzaj\u00facich poznatkov kres\u0165anskej viery, individu\u00e1lneho pr\u00edstupu a pripravenosti na vstup do Katol\u00edckej cirkvi.<\/span><\/p>\n","protected":false},"excerpt":{"rendered":"<p>Katech\u00e9za pokrsten\u00fdch dospel\u00fdch na inicia\u010dn\u00e9 sviatosti &#8211; Pr\u00edprava na prijatie Eucharistie t\u00fdch dospel\u00fdch, ktor\u00ed boli pokrsten\u00ed v detstve, ale nedostali kres\u0165ansk\u00fa v\u00fdchovu, si vy\u017eaduje dlh\u0161\u00ed \u010das. Cie\u013eom pr\u00edpravy je posilni\u0165 ich kres\u0165ansk\u00fd \u017eivot vhodnou katech\u00e9zou. &#8211; Usporiadanie katech\u00e9zy zv\u00e4\u010d\u0161a zodpoved\u00e1 usporiadaniu katech\u00e9zy ur\u010denej pre katechumenov. &#8211; Obdobie katech\u00e9zy nech sa primerane vlo\u017e\u00ed do liturgick\u00e9ho roka v podobnom trvan\u00ed ako pri katechumen\u00e1te. Cel\u00e1 form\u00e1cia zvy\u010dajne vrchol\u00ed po\u010das Ve\u013ekono\u010dn\u00e9ho obdobia. ______________________ \u00da\u010das\u0165 na Eucharistii spojen\u00e1 so vstupom do Katol\u00edckej cirkvi &#8211; Pokrsten\u00ed kres\u0165ania, ktor\u00ed \u017eiadaj\u00fa aj prijatie do Katol\u00edckej cirkvi, maj\u00fa sa na tento vstup pripravi\u0165 katechetick\u00fdm pou\u010den\u00edm a duchovnou pr\u00edpravou. &#8211; Katech\u00e9za m\u00e1 zah\u0155\u0148a\u0165 ucelen\u00fa n\u00e1uku Katol\u00edckej cirkvi a vysvetlenie rozdielov. &#8211; Sviatos\u0165 krstu sa nem\u00e1 opakova\u0165. Nedovo\u013euje sa udeli\u0165 krst znova podmiene\u010dne, iba ak\u00a0pretrv\u00e1vaj\u00fa v\u00e1\u017ene pochybnosti o jeho fakte \u010di platnosti. &#8211; Ke\u010f\u017ee prijatie dospel\u00e9ho do pln\u00e9ho spolo\u010denstva Katol\u00edckej cirkvi znamen\u00e1 z\u00e1rove\u0148 \u00fa\u010das\u0165 na Eucharistii a jej prij\u00edmanie, t\u00ed, ktor\u00ed maj\u00fa prek\u00e1\u017eku pre prij\u00edmanie Eucharistie (napr. \u017eij\u00fa v neplatnom man\u017eelstve) nem\u00f4\u017eu by\u0165 prijat\u00ed do pln\u00e9ho spolo\u010denstva Cirkvi, k\u00fdm nepominie prek\u00e1\u017eka pre prij\u00edmanie Eucharistie. &#8211; V pr\u00edpade veriacich v\u00fdchodn\u00fdch cirkvi (pravosl\u00e1vnej) sta\u010d\u00ed zlo\u017ei\u0165 vyznanie viery ako ho stanovila Katol\u00edcka cirkev. \u010clenovia v\u00fdchodn\u00fdch cirkv\u00ed sa zaradzuj\u00fa do gr\u00e9ckokatol\u00edckej cirkvi, to znamen\u00e1 ponech\u00e1vaj\u00fa si svoj obrad. &#8211; D\u013a\u017eka obdobia katechiz\u00e1cie nie je \u010dasovo vymedzen\u00e1. Z\u00e1vis\u00ed od predch\u00e1dzaj\u00facich poznatkov kres\u0165anskej viery, individu\u00e1lneho pr\u00edstupu a pripravenosti na vstup do Katol\u00edckej cirkvi.<\/p>\n","protected":false},"author":1,"featured_media":0,"parent":4494,"menu_order":0,"comment_status":"open","ping_status":"open","template":"","meta":{"footnotes":""},"class_list":["post-5159","page","type-page","status-publish","hentry"],"acf":[],"_links":{"self":[{"href":"https:\/\/www.komarno.fara.sk\/index.php?rest_route=\/wp\/v2\/pages\/5159","targetHints":{"allow":["GET"]}}],"collection":[{"href":"https:\/\/www.komarno.fara.sk\/index.php?rest_route=\/wp\/v2\/pages"}],"about":[{"href":"https:\/\/www.komarno.fara.sk\/index.php?rest_route=\/wp\/v2\/types\/page"}],"author":[{"embeddable":true,"href":"https:\/\/www.komarno.fara.sk\/index.php?rest_route=\/wp\/v2\/users\/1"}],"replies":[{"embeddable":true,"href":"https:\/\/www.komarno.fara.sk\/index.php?rest_route=%2Fwp%2Fv2%2Fcomments&post=5159"}],"version-history":[{"count":10,"href":"https:\/\/www.komarno.fara.sk\/index.php?rest_route=\/wp\/v2\/pages\/5159\/revisions"}],"predecessor-version":[{"id":8883,"href":"https:\/\/www.komarno.fara.sk\/index.php?rest_route=\/wp\/v2\/pages\/5159\/revisions\/8883"}],"up":[{"embeddable":true,"href":"https:\/\/www.komarno.fara.sk\/index.php?rest_route=\/wp\/v2\/pages\/4494"}],"wp:attachment":[{"href":"https:\/\/www.komarno.fara.sk\/index.php?rest_route=%2Fwp%2Fv2%2Fmedia&parent=5159"}],"curies":[{"name":"wp","href":"https:\/\/api.w.org\/{rel}","templated":true}]}}