{"id":5145,"date":"2015-04-21T15:01:06","date_gmt":"2015-04-21T13:01:06","guid":{"rendered":"http:\/\/www.komarno.fara.sk\/?page_id=5145"},"modified":"2018-06-04T12:04:36","modified_gmt":"2018-06-04T10:04:36","slug":"krst-dospeleho","status":"publish","type":"page","link":"https:\/\/www.komarno.fara.sk\/?page_id=5145","title":{"rendered":"Krst dospel\u00e9ho"},"content":{"rendered":"<p style=\"text-align: right;\"><span style=\"font-size: 12pt;\"><em>Sta\u0165 sa kres\u0165anom sa u\u017e od \u010dias apo\u0161tolov uskuto\u010d\u0148uje postupn\u00fdm napredovan\u00edm a uv\u00e1dzan\u00edm do kres\u0165ansk\u00e9ho \u017eivota tromi sviatos\u0165ami, ktor\u00e9 tvoria jeden celok: krstom, birmovan\u00edm a Eucharistiou.&nbsp;<\/em><em>Aby dospel\u00fd mohol by\u0165 pokrsten\u00fd, vy\u017eaduje sa, aby prejavil v\u00f4\u013eu prija\u0165 krst, aby bol dosta\u010duj\u00faco pou\u010den\u00fd o pravd\u00e1ch viery a kres\u0165ansk\u00fdch povinnostiach a aby sa katechumen\u00e1tom osved\u010dil v kres\u0165anskom \u017eivote. (k\u00e1n. 865 \u00a7 1)<\/em><\/span><\/p>\n<p><span style=\"font-size: 12pt;\"><strong>Katechumen\u00e1t<\/strong><\/span><\/p>\n<p><span style=\"font-size: 12pt;\">&#8211; Katechumen\u00e1t je pr\u00edprava dospel\u00e9ho na krst a \u010fal\u0161ie sviatosti uvedenia do kres\u0165ansk\u00e9ho \u017eivota tak, aby pokrsten\u00fd mohol \u017ei\u0165 plnohodn\u00fdm \u017eivotom viery. Katechetick\u00e1 pr\u00edprava kore\u0161ponduje so \u0161tyrmi obdobiami, ktor\u00e9 predch\u00e1dzaj\u00fa samotn\u00e9mu uvedeniu: predkatechumen\u00e1t, katechumen\u00e1t, obdobie o\u010dis\u0165ovania a mystag\u00f3gia.<\/span><\/p>\n<p><span style=\"font-size: 12pt;\">&#8211; Prijatiu do katechumen\u00e1tu predch\u00e1dza predkatechumen\u00e1t, po\u010das ktor\u00e9ho sa kon\u00e1 <strong>evanjeliz\u00e1cia<\/strong>. V nej sa <strong>ohlasuje tajomstvo trojjedin\u00e9ho Boha, vysvet\u013euje evanjelium, osvojuj\u00fa sa z\u00e1klady duchovn\u00e9ho \u017eivota a z\u00e1kladn\u00e9 pravdy kres\u0165anskej n\u00e1uky.<\/strong><\/span><\/p>\n<p><span style=\"font-size: 12pt;\">&#8211; Katechumen\u00e1t je dlh\u0161ie obdobie, ktor\u00e9 sa za\u010d\u00edna obradom prijatia medzi katechumenov a je ur\u010den\u00e9 na pln\u00fa katech\u00e9zu.<\/span><\/p>\n<p><span style=\"font-size: 12pt;\">&#8211; <strong>Katech\u00e9za<\/strong> pre katechumenov m\u00e1 by\u0165 vhodne rozvrhnut\u00e1, prisp\u00f4soben\u00e1 liturgick\u00e9mu roku, zalo\u017een\u00e1 na sl\u00e1veniach bohoslu\u017eby slova. <strong>Usiluje sa obozn\u00e1mi\u0165 katechumena s \u010dl\u00e1nkami viery a prik\u00e1zaniami, pom\u00f4c\u0165 mu spozna\u0165 tajomstvo sp\u00e1sy, nau\u010di\u0165 sa modli\u0165 k Bohu, vyzn\u00e1va\u0165 vieru, zachov\u00e1va\u0165 Kristovu v\u00f4\u013eu a uskuto\u010d\u0148ova\u0165 l\u00e1sku k bl\u00ed\u017enemu.<\/strong><\/span><\/p>\n<p><span style=\"font-size: 12pt;\">&#8211; Ke\u010f\u017ee d\u013a\u017eka \u010dasu primeran\u00e9ho pre katechumen\u00e1t z\u00e1vis\u00ed tak od Bo\u017eej milosti ako aj od rozli\u010dn\u00fdch okolnost\u00ed (sp\u00f4sob usporiadania katechumen\u00e1tu, po\u010det katechistov, mo\u017enosti stret\u00e1vania sa a podobne) je ju \u0165a\u017ek\u00e9 presne vopred stanovi\u0165 pre ka\u017ed\u00e9ho katechumena. Vo v\u0161eobecnosti sa odpor\u00fa\u010da, aby katechumen\u00e1t trval v rozmedz\u00ed dvoch rokov (v Kom\u00e1rne t\u00e1to pr\u00edprava trv\u00e1 nateraz 6 mesiacov).<\/span><\/p>\n<p><span style=\"font-size: 12pt;\"><strong>Krstn\u00fd a birmovn\u00fd rodi\u010d<\/strong><\/span><\/p>\n<p><span style=\"font-size: 12pt;\">&#8211; Dospel\u00e9ho \u010dloveka ku krstu sprev\u00e1dza aspo\u0148 jeden krstn\u00fd rodi\u010d. Vyber\u00e1 si ho s\u00e1m katechumen pre jeho dobr\u00e9 vlastnosti, pre dobr\u00fd pr\u00edklad a ako priate\u013ea. Jeho \u00falohou je uk\u00e1za\u0165 katechumenovi \u017eivot pod\u013ea evanjelia vo vlastnom \u017eivote i v spolo\u010denskom styku, pom\u00e1ha\u0165 pri poslednej pr\u00edprave na sviatos\u0165 a po krste, aby vytrval vo viere a v kres\u0165anskom \u017eivote.<\/span><\/p>\n<p><span style=\"font-size: 12pt;\">&#8211; Krstn\u00fd rodi\u010d sa z\u00fa\u010dast\u0148uje aspo\u0148 na poslednej etape katechumen\u00e1tu a pri samom sl\u00e1ven\u00ed krstu, aby sved\u010dil o viere dospel\u00e9ho krstenca.<\/span><\/p>\n<p><span style=\"font-size: 12pt;\">&#8211; Po\u017eadovan\u00e9 vlastnosti krstn\u00e9ho a birmovn\u00e9ho rodi\u010da s\u00fa: vek minim\u00e1lne \u0161estn\u00e1s\u0165 rokov, nie je rodi\u010dom krstenca, je katol\u00edkom, ktor\u00fd u\u017e prijal Eucharistiu a birmovanie a \u017eije \u017eivotom zodpovedaj\u00facim kres\u0165anskej viere (k\u00e1n. 874).<\/span><\/p>\n<ul>\n<li><span style=\"font-size: 12pt;\"><strong>prihl\u00e1si\u0165 sa na pr\u00edpravu k prijatiu sviatosti krstu, Eucharistie (1. sv. prij\u00edmania) a birmovania pre dospel\u00fdch je mo\u017en\u00e9 v kancel\u00e1rii farsk\u00e9ho \u00faradu spravidla na za\u010diatku \u0161kolsk\u00e9ho roka&#8230;<\/strong><\/span><\/li>\n<\/ul>\n<p><span style=\"font-size: 12pt;\">______________________<\/span><\/p>\n<p><span style=\"font-size: 12pt;\"><strong>Vstup do Katol\u00edckej cirkvi<\/strong><\/span><\/p>\n<p><span style=\"font-size: 12pt;\">&#8211; Pokrsten\u00ed kres\u0165ania, ktor\u00ed \u017eiadaj\u00fa aj prijatie do Katol\u00edckej cirkvi, maj\u00fa sa na tento vstup pripravi\u0165 katechetick\u00fdm pou\u010den\u00edm a duchovnou pr\u00edpravou.<\/span><\/p>\n<p><span style=\"font-size: 12pt;\">&#8211; Katech\u00e9za m\u00e1 zah\u0155\u0148a\u0165 ucelen\u00fa n\u00e1uku Katol\u00edckej cirkvi a vysvetlenie rozdielov.<\/span><\/p>\n<p><span style=\"font-size: 12pt;\">&#8211; Sviatos\u0165 krstu sa nem\u00e1 opakova\u0165. Nedovo\u013euje sa udeli\u0165 krst znova podmiene\u010dne, iba ak&nbsp;pretrv\u00e1vaj\u00fa v\u00e1\u017ene pochybnosti o jeho fakte \u010di platnosti.<\/span><\/p>\n<p><span style=\"font-size: 12pt;\">&#8211; Ke\u010f\u017ee prijatie dospel\u00e9ho do pln\u00e9ho spolo\u010denstva Katol\u00edckej cirkvi znamen\u00e1 z\u00e1rove\u0148 \u00fa\u010das\u0165 na Eucharistii a jej prij\u00edmanie, t\u00ed, ktor\u00ed maj\u00fa prek\u00e1\u017eku pre prij\u00edmanie Eucharistie (napr. \u017eij\u00fa v neplatnom man\u017eelstve) nem\u00f4\u017eu by\u0165 prijat\u00ed do pln\u00e9ho spolo\u010denstva Cirkvi, k\u00fdm nepominie prek\u00e1\u017eka pre prij\u00edmanie Eucharistie.<\/span><\/p>\n<p><span style=\"font-size: 12pt;\">&#8211; V pr\u00edpade veriacich v\u00fdchodn\u00fdch cirkvi (pravosl\u00e1vnej) sta\u010d\u00ed zlo\u017ei\u0165 vyznanie viery ako ho stanovila Katol\u00edcka cirkev. \u010clenovia v\u00fdchodn\u00fdch cirkv\u00ed sa zaradzuj\u00fa do gr\u00e9ckokatol\u00edckej cirkvi, to znamen\u00e1 ponech\u00e1vaj\u00fa si svoj obrad.<\/span><\/p>\n<p><span style=\"font-size: 12pt;\">&#8211; D\u013a\u017eka obdobia katechiz\u00e1cie nie je \u010dasovo vymedzen\u00e1. Z\u00e1vis\u00ed od predch\u00e1dzaj\u00facich poznatkov kres\u0165anskej viery, individu\u00e1lneho pr\u00edstupu a pripravenosti na vstup do Katol\u00edckej cirkvi.<\/span><\/p>\n","protected":false},"excerpt":{"rendered":"<p>Sta\u0165 sa kres\u0165anom sa u\u017e od \u010dias apo\u0161tolov uskuto\u010d\u0148uje postupn\u00fdm napredovan\u00edm a uv\u00e1dzan\u00edm do kres\u0165ansk\u00e9ho \u017eivota tromi sviatos\u0165ami, ktor\u00e9 tvoria jeden celok: krstom, birmovan\u00edm a Eucharistiou.&nbsp;Aby dospel\u00fd mohol by\u0165 pokrsten\u00fd, vy\u017eaduje sa, aby prejavil v\u00f4\u013eu prija\u0165 krst, aby bol dosta\u010duj\u00faco pou\u010den\u00fd o pravd\u00e1ch viery a kres\u0165ansk\u00fdch povinnostiach a aby sa katechumen\u00e1tom osved\u010dil v kres\u0165anskom \u017eivote. (k\u00e1n. 865 \u00a7 1) Katechumen\u00e1t &#8211; Katechumen\u00e1t je pr\u00edprava dospel\u00e9ho na krst a \u010fal\u0161ie sviatosti uvedenia do kres\u0165ansk\u00e9ho \u017eivota tak, aby pokrsten\u00fd mohol \u017ei\u0165 plnohodn\u00fdm \u017eivotom viery. Katechetick\u00e1 pr\u00edprava kore\u0161ponduje so \u0161tyrmi obdobiami, ktor\u00e9 predch\u00e1dzaj\u00fa samotn\u00e9mu uvedeniu: predkatechumen\u00e1t, katechumen\u00e1t, obdobie o\u010dis\u0165ovania a mystag\u00f3gia. &#8211; Prijatiu do katechumen\u00e1tu predch\u00e1dza predkatechumen\u00e1t, po\u010das ktor\u00e9ho sa kon\u00e1 evanjeliz\u00e1cia. V nej sa ohlasuje tajomstvo trojjedin\u00e9ho Boha, vysvet\u013euje evanjelium, osvojuj\u00fa sa z\u00e1klady duchovn\u00e9ho \u017eivota a z\u00e1kladn\u00e9 pravdy kres\u0165anskej n\u00e1uky. &#8211; Katechumen\u00e1t je dlh\u0161ie obdobie, ktor\u00e9 sa za\u010d\u00edna obradom prijatia medzi katechumenov a je ur\u010den\u00e9 na pln\u00fa katech\u00e9zu. &#8211; Katech\u00e9za pre katechumenov m\u00e1 by\u0165 vhodne rozvrhnut\u00e1, prisp\u00f4soben\u00e1 liturgick\u00e9mu roku, zalo\u017een\u00e1 na sl\u00e1veniach bohoslu\u017eby slova. Usiluje sa obozn\u00e1mi\u0165 katechumena s \u010dl\u00e1nkami viery a prik\u00e1zaniami, pom\u00f4c\u0165 mu spozna\u0165 tajomstvo sp\u00e1sy, nau\u010di\u0165 sa modli\u0165 k Bohu, vyzn\u00e1va\u0165 vieru, zachov\u00e1va\u0165 Kristovu v\u00f4\u013eu a uskuto\u010d\u0148ova\u0165 l\u00e1sku k bl\u00ed\u017enemu. &#8211; Ke\u010f\u017ee d\u013a\u017eka \u010dasu primeran\u00e9ho pre katechumen\u00e1t z\u00e1vis\u00ed tak od Bo\u017eej milosti ako aj od rozli\u010dn\u00fdch okolnost\u00ed (sp\u00f4sob usporiadania katechumen\u00e1tu, po\u010det katechistov, mo\u017enosti stret\u00e1vania sa a podobne) je ju \u0165a\u017ek\u00e9 presne vopred stanovi\u0165 pre ka\u017ed\u00e9ho katechumena. Vo v\u0161eobecnosti sa odpor\u00fa\u010da, aby katechumen\u00e1t trval v rozmedz\u00ed dvoch rokov (v Kom\u00e1rne t\u00e1to pr\u00edprava trv\u00e1 nateraz 6 mesiacov). Krstn\u00fd a birmovn\u00fd rodi\u010d &#8211; Dospel\u00e9ho \u010dloveka ku krstu sprev\u00e1dza aspo\u0148 jeden krstn\u00fd rodi\u010d. Vyber\u00e1 si ho s\u00e1m katechumen pre jeho dobr\u00e9 vlastnosti, pre dobr\u00fd pr\u00edklad a ako priate\u013ea. Jeho \u00falohou je uk\u00e1za\u0165 katechumenovi \u017eivot pod\u013ea evanjelia vo vlastnom \u017eivote i v spolo\u010denskom styku, pom\u00e1ha\u0165 pri poslednej pr\u00edprave na sviatos\u0165 a po krste, aby vytrval vo viere a v kres\u0165anskom \u017eivote. &#8211; Krstn\u00fd rodi\u010d sa z\u00fa\u010dast\u0148uje aspo\u0148 na poslednej etape katechumen\u00e1tu a pri samom sl\u00e1ven\u00ed krstu, aby sved\u010dil o viere dospel\u00e9ho krstenca. &#8211; Po\u017eadovan\u00e9 vlastnosti krstn\u00e9ho a birmovn\u00e9ho rodi\u010da s\u00fa: vek minim\u00e1lne \u0161estn\u00e1s\u0165 rokov, nie je rodi\u010dom krstenca, je katol\u00edkom, ktor\u00fd u\u017e prijal Eucharistiu a birmovanie a \u017eije \u017eivotom zodpovedaj\u00facim kres\u0165anskej viere (k\u00e1n. 874). prihl\u00e1si\u0165 sa na pr\u00edpravu k prijatiu sviatosti krstu, Eucharistie (1. sv. prij\u00edmania) a birmovania pre dospel\u00fdch je mo\u017en\u00e9 v kancel\u00e1rii farsk\u00e9ho \u00faradu spravidla na za\u010diatku \u0161kolsk\u00e9ho roka&#8230; ______________________ Vstup do Katol\u00edckej cirkvi &#8211; Pokrsten\u00ed kres\u0165ania, ktor\u00ed \u017eiadaj\u00fa aj prijatie do Katol\u00edckej cirkvi, maj\u00fa sa na tento vstup pripravi\u0165 katechetick\u00fdm pou\u010den\u00edm a duchovnou pr\u00edpravou. &#8211; Katech\u00e9za m\u00e1 zah\u0155\u0148a\u0165 ucelen\u00fa n\u00e1uku Katol\u00edckej cirkvi a vysvetlenie rozdielov. &#8211; Sviatos\u0165 krstu sa nem\u00e1 opakova\u0165. Nedovo\u013euje sa udeli\u0165 krst znova podmiene\u010dne, iba ak&nbsp;pretrv\u00e1vaj\u00fa v\u00e1\u017ene pochybnosti o jeho fakte \u010di platnosti. &#8211; Ke\u010f\u017ee prijatie dospel\u00e9ho do pln\u00e9ho spolo\u010denstva Katol\u00edckej cirkvi znamen\u00e1 z\u00e1rove\u0148 \u00fa\u010das\u0165 na Eucharistii a jej prij\u00edmanie, t\u00ed, ktor\u00ed maj\u00fa prek\u00e1\u017eku pre prij\u00edmanie Eucharistie (napr. \u017eij\u00fa v neplatnom man\u017eelstve) nem\u00f4\u017eu by\u0165 prijat\u00ed do pln\u00e9ho spolo\u010denstva Cirkvi, k\u00fdm nepominie prek\u00e1\u017eka pre prij\u00edmanie Eucharistie. &#8211; V pr\u00edpade veriacich v\u00fdchodn\u00fdch cirkvi (pravosl\u00e1vnej) sta\u010d\u00ed zlo\u017ei\u0165 vyznanie viery ako ho stanovila Katol\u00edcka cirkev. \u010clenovia v\u00fdchodn\u00fdch cirkv\u00ed sa zaradzuj\u00fa do gr\u00e9ckokatol\u00edckej cirkvi, to znamen\u00e1 ponech\u00e1vaj\u00fa si svoj obrad. &#8211; D\u013a\u017eka obdobia katechiz\u00e1cie nie je \u010dasovo vymedzen\u00e1. Z\u00e1vis\u00ed od predch\u00e1dzaj\u00facich poznatkov kres\u0165anskej viery, individu\u00e1lneho pr\u00edstupu a pripravenosti na vstup do Katol\u00edckej cirkvi.<\/p>\n","protected":false},"author":1,"featured_media":0,"parent":4459,"menu_order":0,"comment_status":"open","ping_status":"open","template":"","meta":{"footnotes":""},"class_list":["post-5145","page","type-page","status-publish","hentry"],"acf":[],"_links":{"self":[{"href":"https:\/\/www.komarno.fara.sk\/index.php?rest_route=\/wp\/v2\/pages\/5145","targetHints":{"allow":["GET"]}}],"collection":[{"href":"https:\/\/www.komarno.fara.sk\/index.php?rest_route=\/wp\/v2\/pages"}],"about":[{"href":"https:\/\/www.komarno.fara.sk\/index.php?rest_route=\/wp\/v2\/types\/page"}],"author":[{"embeddable":true,"href":"https:\/\/www.komarno.fara.sk\/index.php?rest_route=\/wp\/v2\/users\/1"}],"replies":[{"embeddable":true,"href":"https:\/\/www.komarno.fara.sk\/index.php?rest_route=%2Fwp%2Fv2%2Fcomments&post=5145"}],"version-history":[{"count":23,"href":"https:\/\/www.komarno.fara.sk\/index.php?rest_route=\/wp\/v2\/pages\/5145\/revisions"}],"predecessor-version":[{"id":8232,"href":"https:\/\/www.komarno.fara.sk\/index.php?rest_route=\/wp\/v2\/pages\/5145\/revisions\/8232"}],"up":[{"embeddable":true,"href":"https:\/\/www.komarno.fara.sk\/index.php?rest_route=\/wp\/v2\/pages\/4459"}],"wp:attachment":[{"href":"https:\/\/www.komarno.fara.sk\/index.php?rest_route=%2Fwp%2Fv2%2Fmedia&parent=5145"}],"curies":[{"name":"wp","href":"https:\/\/api.w.org\/{rel}","templated":true}]}}