{"id":5143,"date":"2015-04-21T15:00:43","date_gmt":"2015-04-21T13:00:43","guid":{"rendered":"http:\/\/www.komarno.fara.sk\/?page_id=5143"},"modified":"2018-07-25T10:28:21","modified_gmt":"2018-07-25T08:28:21","slug":"krst-dietata","status":"publish","type":"page","link":"https:\/\/www.komarno.fara.sk\/?page_id=5143","title":{"rendered":"Krst die\u0165a\u0165a"},"content":{"rendered":"<ul>\n<li><span style=\"font-size: 12pt;\">pre krst die\u0165a\u0165a v&nbsp;na\u0161ej farnosti je potrebn\u00e9, aby aspo\u0148 jeden z&nbsp;rodi\u010dov mal <strong>trval\u00e9 bydlisko, alebo aspo\u0148 tri mesiace prechodn\u00e9 bydlisko v&nbsp;Kom\u00e1rne<\/strong> (pr\u00edpadne vo fili\u00e1lke na\u0161ej farnosti &#8211; Kava, Hlin\u00edk, Vrbov\u00e1 nad V\u00e1hom. Farnosti I\u017ea, Nov\u00e1 Str\u00e1\u017e a&nbsp;jej fili\u00e1lka Zlatn\u00e1 na Ostrove je v&nbsp;tomto roku tie\u017e spravovan\u00e1 z Kom\u00e1rna). Ak s\u00fa rodi\u010dia z&nbsp;inej farnosti, je potrebn\u00e1 tzv. \u201elicencia ku krstu\u201c \u2013 dovolenie ku krstu, od far\u00e1ra z&nbsp;farnosti kde \u017eij\u00fa.<\/span><\/li>\n<\/ul>\n<ul>\n<li><span style=\"font-size: 12pt;\">k\u0148az je povinn\u00fd n\u00e1le\u017eite pou\u010di\u0165 rodi\u010dov a krstn\u00fdch rodi\u010dov o&nbsp;v\u00fdzname tejto sviatosti a&nbsp;z\u00e1v\u00e4zkoch, ktor\u00e9 s&nbsp;\u0148ou s\u00favisia. Preto m\u00e1me na fare <strong>krstn\u00fa pr\u00edpravu<\/strong>, ktor\u00fa si treba osobne dohodn\u00fa\u0165 s k\u0148azom.&nbsp;<\/span><\/li>\n<\/ul>\n<p><span style=\"font-size: 12pt;\">Je vhodn\u00e9, aby sa rodi\u010dia mohli s\u00fastredene venova\u0165 tejto pr\u00edprave; preto pros\u00edme, nech po\u017eiadaj\u00fa niekoho zn\u00e1meho, aby sa na cca 60 \u2013 90 min\u00fat, po\u010das pr\u00edpravy, postaral o ich die\u0165a. Je dobr\u00e9 neodklada\u0165 pr\u00edpravu na posledn\u00fa chv\u00ed\u013eu, krstn\u00fa pr\u00edpravu m\u00f4\u017eu rodi\u010dia absolvova\u0165 e\u0161te aj pred naroden\u00edm die\u0165a\u0165a.<\/span><\/p>\n<ul>\n<li><span style=\"font-size: 12pt;\">cirkevn\u00e9 pr\u00e1vo <strong>o&nbsp;krstnom rodi\u010dovi<\/strong> hovor\u00ed, \u017ee mus\u00ed by\u0165 schopn\u00fd a&nbsp;ma\u0165 \u00famysel pom\u00e1ha\u0165 krsten\u00e9mu pri uv\u00e1dzan\u00ed do kres\u0165ansk\u00e9ho \u017eivota. Pom\u00e1ha\u0165 mu, aby viedol kres\u0165ansk\u00fd \u017eivot primeran\u00fd krstu, a&nbsp;aby verne plnil povinnosti, ktor\u00e9 s&nbsp;n\u00edm s\u00favisia. Je potrebn\u00e9, aby krstn\u00fd rodi\u010d zav\u0155\u0161il 16-ty rok \u017eivota, aby bol katol\u00edk, ktor\u00fd prijal sviatos\u0165 Eucharistie a&nbsp;birmovania a&nbsp;viedol \u017eivot primeran\u00fd viere a&nbsp;\u00falohe, ku ktorej sa zav\u00e4zuje. To predpoklad\u00e1:<\/span><\/li>\n<\/ul>\n<ol>\n<li><span style=\"font-size: 12pt;\">&#8211; v pr\u00edpade, \u017ee \u017eije v&nbsp;man\u017eelstve, je to sviatostn\u00e9 man\u017eelstvo,<\/span><\/li>\n<li><span style=\"font-size: 12pt;\">&#8211; ak je rozveden\u00fd\/\u00e1 m\u00e1&nbsp;p\u00edsomn\u00e9 dovolenie pristupova\u0165 k&nbsp;sviatostiam,<\/span><\/li>\n<li><span style=\"font-size: 12pt;\">&#8211; ak je slobodn\u00fd\/\u00e1, ne\u017ei\u0165 v&nbsp;spolo\u010dnej dom\u00e1cnosti so svojou priate\u013ekou\/priate\u013eom.<\/span><\/li>\n<\/ol>\n<p><span style=\"font-size: 12pt;\">Ak osoba moment\u00e1lne nesp\u013a\u0148a po\u017eiadavky, ktor\u00e9 s\u00fa v&nbsp;katol\u00edckej cirkvi vy\u017eadovan\u00e9 od krstn\u00e9ho rodi\u010da, m\u00f4\u017ee pri krste figurova\u0165 ako \u201esvedok krstu\u201c.<\/span><\/p>\n<ul>\n<li><span style=\"font-size: 12pt;\"><strong>krst\u00edme ka\u017ed\u00fa nede\u013eu o&nbsp;10:00 hod.<\/strong><\/span><\/li>\n<\/ul>\n<p style=\"text-align: center;\">&nbsp;<\/p>\n<p>&nbsp;<\/p>\n<p>&nbsp;<\/p>\n<p style=\"text-align: center;\">&nbsp;<\/p>\n","protected":false},"excerpt":{"rendered":"<p>pre krst die\u0165a\u0165a v&nbsp;na\u0161ej farnosti je potrebn\u00e9, aby aspo\u0148 jeden z&nbsp;rodi\u010dov mal trval\u00e9 bydlisko, alebo aspo\u0148 tri mesiace prechodn\u00e9 bydlisko v&nbsp;Kom\u00e1rne (pr\u00edpadne vo fili\u00e1lke na\u0161ej farnosti &#8211; Kava, Hlin\u00edk, Vrbov\u00e1 nad V\u00e1hom. Farnosti I\u017ea, Nov\u00e1 Str\u00e1\u017e a&nbsp;jej fili\u00e1lka Zlatn\u00e1 na Ostrove je v&nbsp;tomto roku tie\u017e spravovan\u00e1 z Kom\u00e1rna). Ak s\u00fa rodi\u010dia z&nbsp;inej farnosti, je potrebn\u00e1 tzv. \u201elicencia ku krstu\u201c \u2013 dovolenie ku krstu, od far\u00e1ra z&nbsp;farnosti kde \u017eij\u00fa. k\u0148az je povinn\u00fd n\u00e1le\u017eite pou\u010di\u0165 rodi\u010dov a krstn\u00fdch rodi\u010dov o&nbsp;v\u00fdzname tejto sviatosti a&nbsp;z\u00e1v\u00e4zkoch, ktor\u00e9 s&nbsp;\u0148ou s\u00favisia. Preto m\u00e1me na fare krstn\u00fa pr\u00edpravu, ktor\u00fa si treba osobne dohodn\u00fa\u0165 s k\u0148azom.&nbsp; Je vhodn\u00e9, aby sa rodi\u010dia mohli s\u00fastredene venova\u0165 tejto pr\u00edprave; preto pros\u00edme, nech po\u017eiadaj\u00fa niekoho zn\u00e1meho, aby sa na cca 60 \u2013 90 min\u00fat, po\u010das pr\u00edpravy, postaral o ich die\u0165a. Je dobr\u00e9 neodklada\u0165 pr\u00edpravu na posledn\u00fa chv\u00ed\u013eu, krstn\u00fa pr\u00edpravu m\u00f4\u017eu rodi\u010dia absolvova\u0165 e\u0161te aj pred naroden\u00edm die\u0165a\u0165a. cirkevn\u00e9 pr\u00e1vo o&nbsp;krstnom rodi\u010dovi hovor\u00ed, \u017ee mus\u00ed by\u0165 schopn\u00fd a&nbsp;ma\u0165 \u00famysel pom\u00e1ha\u0165 krsten\u00e9mu pri uv\u00e1dzan\u00ed do kres\u0165ansk\u00e9ho \u017eivota. Pom\u00e1ha\u0165 mu, aby viedol kres\u0165ansk\u00fd \u017eivot primeran\u00fd krstu, a&nbsp;aby verne plnil povinnosti, ktor\u00e9 s&nbsp;n\u00edm s\u00favisia. Je potrebn\u00e9, aby krstn\u00fd rodi\u010d zav\u0155\u0161il 16-ty rok \u017eivota, aby bol katol\u00edk, ktor\u00fd prijal sviatos\u0165 Eucharistie a&nbsp;birmovania a&nbsp;viedol \u017eivot primeran\u00fd viere a&nbsp;\u00falohe, ku ktorej sa zav\u00e4zuje. To predpoklad\u00e1: &#8211; v pr\u00edpade, \u017ee \u017eije v&nbsp;man\u017eelstve, je to sviatostn\u00e9 man\u017eelstvo, &#8211; ak je rozveden\u00fd\/\u00e1 m\u00e1&nbsp;p\u00edsomn\u00e9 dovolenie pristupova\u0165 k&nbsp;sviatostiam, &#8211; ak je slobodn\u00fd\/\u00e1, ne\u017ei\u0165 v&nbsp;spolo\u010dnej dom\u00e1cnosti so svojou priate\u013ekou\/priate\u013eom. Ak osoba moment\u00e1lne nesp\u013a\u0148a po\u017eiadavky, ktor\u00e9 s\u00fa v&nbsp;katol\u00edckej cirkvi vy\u017eadovan\u00e9 od krstn\u00e9ho rodi\u010da, m\u00f4\u017ee pri krste figurova\u0165 ako \u201esvedok krstu\u201c. krst\u00edme ka\u017ed\u00fa nede\u013eu o&nbsp;10:00 hod. &nbsp; &nbsp; &nbsp; &nbsp;<\/p>\n","protected":false},"author":1,"featured_media":0,"parent":4459,"menu_order":0,"comment_status":"closed","ping_status":"open","template":"","meta":{"footnotes":""},"class_list":["post-5143","page","type-page","status-publish","hentry"],"acf":[],"_links":{"self":[{"href":"https:\/\/www.komarno.fara.sk\/index.php?rest_route=\/wp\/v2\/pages\/5143","targetHints":{"allow":["GET"]}}],"collection":[{"href":"https:\/\/www.komarno.fara.sk\/index.php?rest_route=\/wp\/v2\/pages"}],"about":[{"href":"https:\/\/www.komarno.fara.sk\/index.php?rest_route=\/wp\/v2\/types\/page"}],"author":[{"embeddable":true,"href":"https:\/\/www.komarno.fara.sk\/index.php?rest_route=\/wp\/v2\/users\/1"}],"replies":[{"embeddable":true,"href":"https:\/\/www.komarno.fara.sk\/index.php?rest_route=%2Fwp%2Fv2%2Fcomments&post=5143"}],"version-history":[{"count":16,"href":"https:\/\/www.komarno.fara.sk\/index.php?rest_route=\/wp\/v2\/pages\/5143\/revisions"}],"predecessor-version":[{"id":8268,"href":"https:\/\/www.komarno.fara.sk\/index.php?rest_route=\/wp\/v2\/pages\/5143\/revisions\/8268"}],"up":[{"embeddable":true,"href":"https:\/\/www.komarno.fara.sk\/index.php?rest_route=\/wp\/v2\/pages\/4459"}],"wp:attachment":[{"href":"https:\/\/www.komarno.fara.sk\/index.php?rest_route=%2Fwp%2Fv2%2Fmedia&parent=5143"}],"curies":[{"name":"wp","href":"https:\/\/api.w.org\/{rel}","templated":true}]}}