{"id":4615,"date":"2014-11-08T20:20:48","date_gmt":"2014-11-08T19:20:48","guid":{"rendered":"http:\/\/www.komarno.fara.sk\/?page_id=4615"},"modified":"2022-06-20T22:34:49","modified_gmt":"2022-06-20T20:34:49","slug":"1-2","status":"publish","type":"page","link":"https:\/\/www.komarno.fara.sk\/?page_id=4615","title":{"rendered":"1. sv\u00e4t\u00e9 prij\u00edmanie &#8211; deti"},"content":{"rendered":"<p>Mil\u00ed rodi\u010dia,<\/p>\n<p>pri naroden\u00ed V\u00e1\u0161ho syna, dc\u00e9ry ste prijali toto die\u0165a ako Bo\u017e\u00ed dar. V\u00e1m, ako rodi\u010dom, Boh na ist\u00fd \u010das toto die\u0165a zveril. Pri krste, ste spolu s\u00a0krstn\u00fdmi rodi\u010dmi Bohu s\u013e\u00fabili, \u017ee budete pom\u00e1ha\u0165 V\u00e1\u0161mu die\u0165a\u0165u pri uv\u00e1dzan\u00ed do kres\u0165ansk\u00e9ho \u017eivota a\u00a0\u017ee ho vychov\u00e1te v\u00a0katol\u00edckom n\u00e1bo\u017eenstve. V\u00a0tejto n\u00e1ro\u010dnej a\u00a0zodpovednej \u00falohe, nie ste sami. Pomocn\u00fa ruku V\u00e1m rovnako pod\u00e1va i\u00a0spolo\u010denstvo Cirkvi. A\u00a0pr\u00e1ve t\u00fdm, chce by\u0165 aj t\u00e1to PONUKA PR\u00cdPRAVY V\u00c1\u0160HO DIE\u0164A\u0164A NA 1. SV\u00c4T\u00c9 PRIJ\u00cdMANIE. Nie je to n\u00e1hrada, prebratie zodpovednosti za V\u00e1s&#8230; &#8211; je to iba pon\u00faknut\u00e1 pomoc zo strany Cirkvi, n\u00e1\u0161ho farsk\u00e9ho spolo\u010denstva, v\u00a0nap\u013a\u0148an\u00ed pr\u00eds\u013eubu, ktor\u00fd ste dali Bohu pri krste. Ak t\u00fato pomoc prijmete, vieme si t\u00fato spolupr\u00e1cu predstavi\u0165 takto:<\/p>\n<p style=\"text-align: justify;\">1. Hlavn\u00fdm pr\u00edkladom pre Va\u0161e die\u0165a, je\u00a0<b>samotn\u00fd kres\u0165ansk\u00fd \u017eivot Va\u0161ej rodiny<\/b>\u00a0(spolo\u010dn\u00e1 modlitba, n\u00e1v\u0161teva sv\u00e4t\u00fdch om\u0161\u00ed, \u017eivot viery, vz\u0165ahy l\u00e1sky i d\u00f4very medzi Vami, sp\u00f4sob rie\u0161enia n\u00e1ro\u010dn\u00fdch situ\u00e1ci\u00ed, komunik\u00e1cia medzi rodi\u010dmi navz\u00e1jom i\u00a0spolu s\u00a0de\u0165mi, syst\u00e9m pravidiel, odovzd\u00e1vania zodpovednosti, &#8230;).<\/p>\n<p style=\"text-align: justify;\">2. Pomoc s\u00a0duchovnou pr\u00edpravou na prijatie Sviatosti zmierenia a Eucharistie v\u00a0r\u00e1mci ro\u010dn\u00e9ho pl\u00e1nu<b>\u00a0na hodin\u00e1ch n\u00e1bo\u017eenstva vo v\u0161etk\u00fdch na\u0161ich \u0161kol\u00e1ch,\u00a0<\/b>na to ur\u010den\u00fdm a\u00a0kompetentn\u00fdm k\u0148azom alebo katech\u00e9tom.<\/p>\n<p style=\"text-align: justify;\">3. Mimo\u0161kolsk\u00e9 aktivity s\u00a0ponukou t\u00fd\u017edenn\u00fdch sv\u00e4t\u00fdch om\u0161\u00ed za \u00fa\u010dasti det\u00ed (<b>\u201edetsk\u00e9&#8220; sv\u00e4t\u00e9 om\u0161e s\u00fa po\u010das \u0161kolsk\u00e9ho roka v piatok o 17-tej v kostole sv.Roz\u00e1lie<\/b>), ako aj\u00a0<b>\u00a0v\u00fdletov a t\u00e1borov<\/b>\u00a0veden\u00fdch.<\/p>\n","protected":false},"excerpt":{"rendered":"<p>Mil\u00ed rodi\u010dia, pri naroden\u00ed V\u00e1\u0161ho syna, dc\u00e9ry ste prijali toto die\u0165a ako Bo\u017e\u00ed dar. V\u00e1m, ako rodi\u010dom, Boh na ist\u00fd \u010das toto die\u0165a zveril. Pri krste, ste spolu s\u00a0krstn\u00fdmi rodi\u010dmi Bohu s\u013e\u00fabili, \u017ee budete pom\u00e1ha\u0165 V\u00e1\u0161mu die\u0165a\u0165u pri uv\u00e1dzan\u00ed do kres\u0165ansk\u00e9ho \u017eivota a\u00a0\u017ee ho vychov\u00e1te v\u00a0katol\u00edckom n\u00e1bo\u017eenstve. V\u00a0tejto n\u00e1ro\u010dnej a\u00a0zodpovednej \u00falohe, nie ste sami. Pomocn\u00fa ruku V\u00e1m rovnako pod\u00e1va i\u00a0spolo\u010denstvo Cirkvi. A\u00a0pr\u00e1ve t\u00fdm, chce by\u0165 aj t\u00e1to PONUKA PR\u00cdPRAVY V\u00c1\u0160HO DIE\u0164A\u0164A NA 1. SV\u00c4T\u00c9 PRIJ\u00cdMANIE. Nie je to n\u00e1hrada, prebratie zodpovednosti za V\u00e1s&#8230; &#8211; je to iba pon\u00faknut\u00e1 pomoc zo strany Cirkvi, n\u00e1\u0161ho farsk\u00e9ho spolo\u010denstva, v\u00a0nap\u013a\u0148an\u00ed pr\u00eds\u013eubu, ktor\u00fd ste dali Bohu pri krste. Ak t\u00fato pomoc prijmete, vieme si t\u00fato spolupr\u00e1cu predstavi\u0165 takto: 1. Hlavn\u00fdm pr\u00edkladom pre Va\u0161e die\u0165a, je\u00a0samotn\u00fd kres\u0165ansk\u00fd \u017eivot Va\u0161ej rodiny\u00a0(spolo\u010dn\u00e1 modlitba, n\u00e1v\u0161teva sv\u00e4t\u00fdch om\u0161\u00ed, \u017eivot viery, vz\u0165ahy l\u00e1sky i d\u00f4very medzi Vami, sp\u00f4sob rie\u0161enia n\u00e1ro\u010dn\u00fdch situ\u00e1ci\u00ed, komunik\u00e1cia medzi rodi\u010dmi navz\u00e1jom i\u00a0spolu s\u00a0de\u0165mi, syst\u00e9m pravidiel, odovzd\u00e1vania zodpovednosti, &#8230;). 2. Pomoc s\u00a0duchovnou pr\u00edpravou na prijatie Sviatosti zmierenia a Eucharistie v\u00a0r\u00e1mci ro\u010dn\u00e9ho pl\u00e1nu\u00a0na hodin\u00e1ch n\u00e1bo\u017eenstva vo v\u0161etk\u00fdch na\u0161ich \u0161kol\u00e1ch,\u00a0na to ur\u010den\u00fdm a\u00a0kompetentn\u00fdm k\u0148azom alebo katech\u00e9tom. 3. Mimo\u0161kolsk\u00e9 aktivity s\u00a0ponukou t\u00fd\u017edenn\u00fdch sv\u00e4t\u00fdch om\u0161\u00ed za \u00fa\u010dasti det\u00ed (\u201edetsk\u00e9&#8220; sv\u00e4t\u00e9 om\u0161e s\u00fa po\u010das \u0161kolsk\u00e9ho roka v piatok o 17-tej v kostole sv.Roz\u00e1lie), ako aj\u00a0\u00a0v\u00fdletov a t\u00e1borov\u00a0veden\u00fdch.<\/p>\n","protected":false},"author":1,"featured_media":0,"parent":4494,"menu_order":0,"comment_status":"open","ping_status":"open","template":"","meta":{"footnotes":""},"class_list":["post-4615","page","type-page","status-publish","hentry"],"acf":[],"_links":{"self":[{"href":"https:\/\/www.komarno.fara.sk\/index.php?rest_route=\/wp\/v2\/pages\/4615","targetHints":{"allow":["GET"]}}],"collection":[{"href":"https:\/\/www.komarno.fara.sk\/index.php?rest_route=\/wp\/v2\/pages"}],"about":[{"href":"https:\/\/www.komarno.fara.sk\/index.php?rest_route=\/wp\/v2\/types\/page"}],"author":[{"embeddable":true,"href":"https:\/\/www.komarno.fara.sk\/index.php?rest_route=\/wp\/v2\/users\/1"}],"replies":[{"embeddable":true,"href":"https:\/\/www.komarno.fara.sk\/index.php?rest_route=%2Fwp%2Fv2%2Fcomments&post=4615"}],"version-history":[{"count":8,"href":"https:\/\/www.komarno.fara.sk\/index.php?rest_route=\/wp\/v2\/pages\/4615\/revisions"}],"predecessor-version":[{"id":8885,"href":"https:\/\/www.komarno.fara.sk\/index.php?rest_route=\/wp\/v2\/pages\/4615\/revisions\/8885"}],"up":[{"embeddable":true,"href":"https:\/\/www.komarno.fara.sk\/index.php?rest_route=\/wp\/v2\/pages\/4494"}],"wp:attachment":[{"href":"https:\/\/www.komarno.fara.sk\/index.php?rest_route=%2Fwp%2Fv2%2Fmedia&parent=4615"}],"curies":[{"name":"wp","href":"https:\/\/api.w.org\/{rel}","templated":true}]}}