{"id":4608,"date":"2014-11-08T20:14:57","date_gmt":"2014-11-08T19:14:57","guid":{"rendered":"http:\/\/www.komarno.fara.sk\/?page_id=4608"},"modified":"2025-04-02T09:04:03","modified_gmt":"2025-04-02T07:04:03","slug":"sviatost-zmierenia","status":"publish","type":"page","link":"https:\/\/www.komarno.fara.sk\/?page_id=4608","title":{"rendered":"Sviatos\u0165 zmierenia"},"content":{"rendered":"<p style=\"text-align: right;\"><span style=\"font-size: 12pt;\"><em><span style=\"color: #000000; font-family: Verdana, Arial, Helvetica, sans-serif; line-height: normal;\">Ve\u010der v ten ist\u00fd prv\u00fd de\u0148 v t\u00fd\u017edni, ke\u010f boli u\u010den\u00edci zo strachu pred \u017didmi zhroma\u017eden\u00ed za zatvoren\u00fdmi dverami, pri\u0161iel Je\u017ei\u0161, stal si doprostred a povedal im: &#8222;Pokoj v\u00e1m!\u00a0Ako m\u0148a poslal Otec, aj ja posielam v\u00e1s.&#8220;\u00a0Ke\u010f to povedal, d\u00fdchol na nich a hovoril im: &#8222;Prijmite Ducha Sv\u00e4t\u00e9ho.\u00a0<strong>Komu odpust\u00edte hriechy, bud\u00fa mu odpusten\u00e9, komu ich zadr\u017e\u00edte, bud\u00fa zadr\u017ean\u00e9.<\/strong>&#8220; (Jn 20, 19-23)<\/span><\/em><\/span><\/p>\n<p>&nbsp;<\/p>\n<p style=\"text-align: justify;\"><span style=\"font-size: 12pt;\">Sviatos\u0165 pok\u00e1nia, naz\u00fdvan\u00e1 aj sv\u00e4t\u00e1 spove\u010f alebo sviatos\u0165 zmierenia, odpustenia, obr\u00e1tenia, je prostriedkom k\u00a0tomu, aby \u010dloveku boli odpusten\u00e9 hriechy. \u010clovek sa \u0148ou obracia k\u00a0Bohu, vyzn\u00e1va svoje hriechy a\u00a0\u013eutuje ich. Sviatos\u0165 pok\u00e1nia patr\u00ed medzi uzdravuj\u00face\u00a0sviatosti\u00a0(spolu so sviatos\u0165ou pomazania chor\u00fdch). Veriaci je povinn\u00fd aspo\u0148 raz v\u00a0roku sa vyspoveda\u0165.<\/span><\/p>\n<p style=\"text-align: justify;\"><span style=\"font-size: 12pt;\"><strong>Ako sa uskuto\u010d\u0148uje<\/strong><\/span><\/p>\n<p style=\"text-align: justify;\"><span style=\"font-size: 12pt;\">\u010clovek hriechy vyzn\u00e1 pred k\u0148azom pri individu\u00e1lnej osobnej spovedi, \u00faprimne ich o\u013eutuje\u00a0 a\u00a0vykon\u00e1 zados\u0165u\u010dinenie (modlitba, milodar, slu\u017eba bl\u00ed\u017enemu, skutok milosrdenstva, odriekanie, trpezliv\u00e9 prij\u00edmanie kr\u00ed\u017ea). Zados\u0165u\u010dinenie je potrebn\u00e9 u\u010dini\u0165, lebo svojim hriechom m\u00f4\u017ee \u010dlovek ubl\u00ed\u017ei\u0165, preto je potrebn\u00e9 \u0161kodu napravi\u0165, napr\u00edklad vr\u00e1ti\u0165 ukradnut\u00fa vec, ospravedlni\u0165 sa za ur\u00e1\u017eky a\u00a0podobne. \u010clovek m\u00e1 napravi\u0165 sp\u00e1chan\u00e9 zlo, ak je to mo\u017en\u00e9. Zados\u0165u\u010dinenie je d\u00f4le\u017eit\u00e9, preto\u017ee n\u00e1sledkom hriechu je trest a\u00a0vina. Pri sv\u00e4tej spovedi sa odp\u00fa\u0161\u0165a cel\u00e1 vina, ve\u010dn\u00fd trest a\u00a0\u010das\u0165 \u010dasn\u00e9ho trestu. \u0164a\u017ek\u00fd hriech n\u00e1s vzdiali od Boha a\u00a0naru\u0161\u00ed na\u0161e spolo\u010denstvo s\u00a0n\u00edm.<\/span><\/p>\n<p style=\"text-align: justify;\"><span style=\"font-size: 12pt;\"><strong>Kto vysluhuje sviatos\u0165 pok\u00e1nia<\/strong><\/span><\/p>\n<p style=\"text-align: justify;\"><span style=\"font-size: 12pt;\">K\u0148az udel\u00ed veriacemu pri sv\u00e4tej spovedi rozhre\u0161enie, ktor\u00e9 ho oslobod\u00ed od hriechu. Je\u017ei\u0161 udelil apo\u0161tolom moc odp\u00fa\u0161\u0165a\u0165 hriechy: Sv\u00e4t\u00e9 P\u00edsmo &#8211; Jn 20, 23 \u201cKomu odpust\u00edte hriechy, bud\u00fa mu odpusten\u00e9, komu zadr\u017e\u00edte, bud\u00fa mu zadr\u017ean\u00e9.\u201d. Preto aj k\u0148azi maj\u00fa na z\u00e1klade posv\u00e4tnej vysviacky moc odp\u00fa\u0161\u0165a\u0165 hriechy.<\/span><\/p>\n<p><span style=\"font-size: 12pt;\"><strong>\u00da\u010dinky\u00a0sviatosti\u00a0pok\u00e1nia:<\/strong><\/span><\/p>\n<ol>\n<li><span style=\"font-size: 12pt;\">Odpustenie hriechov<\/span><\/li>\n<li><span style=\"font-size: 12pt;\">Odpustenie ve\u010dn\u00e9ho trestu<\/span><\/li>\n<li><span style=\"font-size: 12pt;\">Uvedenie do stavu Bo\u017eej milosti \u2013 milos\u0165 posv\u00e4cuj\u00faca<\/span><\/li>\n<li><span style=\"font-size: 12pt;\">Zmierenie s\u00a0Bohom a\u00a0Cirkvou<\/span><\/li>\n<li><span style=\"font-size: 12pt;\">Pokoj v\u00a0du\u0161i a\u00a0spokojnos\u0165 vo svedom\u00ed<\/span><\/li>\n<\/ol>\n<p><span style=\"font-size: 12pt;\"><strong>Sviatos\u0165 zmierenia v na\u0161ej farnosti vysluhujeme:<\/strong><\/span><\/p>\n<p><span style=\"text-decoration: underline; font-size: 12pt;\">Utorok :<\/span><\/p>\n<p><span style=\"font-size: 12pt;\">&#8211; od 16:30 do 16:55\u00a0 v bazilike sv. Ondreja<\/span><\/p>\n<p><span style=\"text-decoration: underline; font-size: 12pt;\">\u0160tvrtok :<\/span><\/p>\n<p><span style=\"font-size: 12pt;\">&#8211; od 17:30 do 17:55\u00a0 v bazilike sv. Ondreja<\/span><\/p>\n<p><span style=\"text-decoration: underline; font-size: 12pt;\">Piatok:<\/span><\/p>\n<p><span style=\"font-size: 12pt;\">&#8211; od 17:00 do 17:25 v kostole sv. Roz\u00e1lie<\/span><\/p>\n<p><span style=\"text-decoration: underline; font-size: 12pt;\">Sobota:<\/span><\/p>\n<p><span style=\"font-size: 12pt;\">&#8211; od 17:30 do 17:55\u00a0 v kostole sv. Roz\u00e1lie\u00a0\u00a0<\/span><\/p>\n<p><span style=\"text-decoration: underline; font-size: 12pt;\">Nede\u013ea: <\/span><\/p>\n<p><span style=\"font-size: 12pt;\">&#8211; od 8:30 do 8:50 v bazilike sv. Ondreja<\/span><\/p>\n<p><span style=\"font-size: 12pt;\">&#8211; od 16:30 do 16:55 v bazilike sv. Ondreja\u00a0<\/span><\/p>\n<p>&nbsp;<\/p>\n<p><span style=\"text-decoration: underline; font-size: 12pt;\">Chor\u00ed a star\u00ed vo farnosti:<\/span><\/p>\n<ul>\n<li><span style=\"font-size: 12pt;\">\u0161tvrtok a piatok pred prv\u00fdm piatkom v mesiaci nav\u0161tevujeme star\u00fdch a chor\u00fdch v ich dom\u00e1cnostiach od 9:00 &#8211; 16:00 hod. (prihl\u00e1si\u0165 ich m\u00f4\u017eete vo farskej kancel\u00e1rii v pracovn\u00e9 dni od 8:00-12:00) alebo na tel. \u010d\u00edsle 0903 983 949<\/span><\/li>\n<\/ul>\n<p><span style=\"font-size: 12pt;\">________________________________________________<\/span><\/p>\n","protected":false},"excerpt":{"rendered":"<p>Ve\u010der v ten ist\u00fd prv\u00fd de\u0148 v t\u00fd\u017edni, ke\u010f boli u\u010den\u00edci zo strachu pred \u017didmi zhroma\u017eden\u00ed za zatvoren\u00fdmi dverami, pri\u0161iel Je\u017ei\u0161, stal si doprostred a povedal im: &#8222;Pokoj v\u00e1m!\u00a0Ako m\u0148a poslal Otec, aj ja posielam v\u00e1s.&#8220;\u00a0Ke\u010f to povedal, d\u00fdchol na nich a hovoril im: &#8222;Prijmite Ducha Sv\u00e4t\u00e9ho.\u00a0Komu odpust\u00edte hriechy, bud\u00fa mu odpusten\u00e9, komu ich zadr\u017e\u00edte, bud\u00fa zadr\u017ean\u00e9.&#8220; (Jn 20, 19-23) &nbsp; Sviatos\u0165 pok\u00e1nia, naz\u00fdvan\u00e1 aj sv\u00e4t\u00e1 spove\u010f alebo sviatos\u0165 zmierenia, odpustenia, obr\u00e1tenia, je prostriedkom k\u00a0tomu, aby \u010dloveku boli odpusten\u00e9 hriechy. \u010clovek sa \u0148ou obracia k\u00a0Bohu, vyzn\u00e1va svoje hriechy a\u00a0\u013eutuje ich. Sviatos\u0165 pok\u00e1nia patr\u00ed medzi uzdravuj\u00face\u00a0sviatosti\u00a0(spolu so sviatos\u0165ou pomazania chor\u00fdch). Veriaci je povinn\u00fd aspo\u0148 raz v\u00a0roku sa vyspoveda\u0165. Ako sa uskuto\u010d\u0148uje \u010clovek hriechy vyzn\u00e1 pred k\u0148azom pri individu\u00e1lnej osobnej spovedi, \u00faprimne ich o\u013eutuje\u00a0 a\u00a0vykon\u00e1 zados\u0165u\u010dinenie (modlitba, milodar, slu\u017eba bl\u00ed\u017enemu, skutok milosrdenstva, odriekanie, trpezliv\u00e9 prij\u00edmanie kr\u00ed\u017ea). Zados\u0165u\u010dinenie je potrebn\u00e9 u\u010dini\u0165, lebo svojim hriechom m\u00f4\u017ee \u010dlovek ubl\u00ed\u017ei\u0165, preto je potrebn\u00e9 \u0161kodu napravi\u0165, napr\u00edklad vr\u00e1ti\u0165 ukradnut\u00fa vec, ospravedlni\u0165 sa za ur\u00e1\u017eky a\u00a0podobne. \u010clovek m\u00e1 napravi\u0165 sp\u00e1chan\u00e9 zlo, ak je to mo\u017en\u00e9. Zados\u0165u\u010dinenie je d\u00f4le\u017eit\u00e9, preto\u017ee n\u00e1sledkom hriechu je trest a\u00a0vina. Pri sv\u00e4tej spovedi sa odp\u00fa\u0161\u0165a cel\u00e1 vina, ve\u010dn\u00fd trest a\u00a0\u010das\u0165 \u010dasn\u00e9ho trestu. \u0164a\u017ek\u00fd hriech n\u00e1s vzdiali od Boha a\u00a0naru\u0161\u00ed na\u0161e spolo\u010denstvo s\u00a0n\u00edm. Kto vysluhuje sviatos\u0165 pok\u00e1nia K\u0148az udel\u00ed veriacemu pri sv\u00e4tej spovedi rozhre\u0161enie, ktor\u00e9 ho oslobod\u00ed od hriechu. Je\u017ei\u0161 udelil apo\u0161tolom moc odp\u00fa\u0161\u0165a\u0165 hriechy: Sv\u00e4t\u00e9 P\u00edsmo &#8211; Jn 20, 23 \u201cKomu odpust\u00edte hriechy, bud\u00fa mu odpusten\u00e9, komu zadr\u017e\u00edte, bud\u00fa mu zadr\u017ean\u00e9.\u201d. Preto aj k\u0148azi maj\u00fa na z\u00e1klade posv\u00e4tnej vysviacky moc odp\u00fa\u0161\u0165a\u0165 hriechy. \u00da\u010dinky\u00a0sviatosti\u00a0pok\u00e1nia: Odpustenie hriechov Odpustenie ve\u010dn\u00e9ho trestu Uvedenie do stavu Bo\u017eej milosti \u2013 milos\u0165 posv\u00e4cuj\u00faca Zmierenie s\u00a0Bohom a\u00a0Cirkvou Pokoj v\u00a0du\u0161i a\u00a0spokojnos\u0165 vo svedom\u00ed Sviatos\u0165 zmierenia v na\u0161ej farnosti vysluhujeme: Utorok : &#8211; od 16:30 do 16:55\u00a0 v bazilike sv. Ondreja \u0160tvrtok : &#8211; od 17:30 do 17:55\u00a0 v bazilike sv. Ondreja Piatok: &#8211; od 17:00 do 17:25 v kostole sv. Roz\u00e1lie Sobota: &#8211; od 17:30 do 17:55\u00a0 v kostole sv. Roz\u00e1lie\u00a0\u00a0 Nede\u013ea: &#8211; od 8:30 do 8:50 v bazilike sv. Ondreja &#8211; od 16:30 do 16:55 v bazilike sv. Ondreja\u00a0 &nbsp; Chor\u00ed a star\u00ed vo farnosti: \u0161tvrtok a piatok pred prv\u00fdm piatkom v mesiaci nav\u0161tevujeme star\u00fdch a chor\u00fdch v ich dom\u00e1cnostiach od 9:00 &#8211; 16:00 hod. (prihl\u00e1si\u0165 ich m\u00f4\u017eete vo farskej kancel\u00e1rii v pracovn\u00e9 dni od 8:00-12:00) alebo na tel. \u010d\u00edsle 0903 983 949 ________________________________________________<\/p>\n","protected":false},"author":1,"featured_media":0,"parent":4456,"menu_order":0,"comment_status":"open","ping_status":"open","template":"","meta":{"footnotes":""},"class_list":["post-4608","page","type-page","status-publish","hentry"],"acf":[],"_links":{"self":[{"href":"https:\/\/www.komarno.fara.sk\/index.php?rest_route=\/wp\/v2\/pages\/4608","targetHints":{"allow":["GET"]}}],"collection":[{"href":"https:\/\/www.komarno.fara.sk\/index.php?rest_route=\/wp\/v2\/pages"}],"about":[{"href":"https:\/\/www.komarno.fara.sk\/index.php?rest_route=\/wp\/v2\/types\/page"}],"author":[{"embeddable":true,"href":"https:\/\/www.komarno.fara.sk\/index.php?rest_route=\/wp\/v2\/users\/1"}],"replies":[{"embeddable":true,"href":"https:\/\/www.komarno.fara.sk\/index.php?rest_route=%2Fwp%2Fv2%2Fcomments&post=4608"}],"version-history":[{"count":31,"href":"https:\/\/www.komarno.fara.sk\/index.php?rest_route=\/wp\/v2\/pages\/4608\/revisions"}],"predecessor-version":[{"id":10075,"href":"https:\/\/www.komarno.fara.sk\/index.php?rest_route=\/wp\/v2\/pages\/4608\/revisions\/10075"}],"up":[{"embeddable":true,"href":"https:\/\/www.komarno.fara.sk\/index.php?rest_route=\/wp\/v2\/pages\/4456"}],"wp:attachment":[{"href":"https:\/\/www.komarno.fara.sk\/index.php?rest_route=%2Fwp%2Fv2%2Fmedia&parent=4608"}],"curies":[{"name":"wp","href":"https:\/\/api.w.org\/{rel}","templated":true}]}}