{"id":4606,"date":"2014-11-08T20:13:32","date_gmt":"2014-11-08T19:13:32","guid":{"rendered":"http:\/\/www.komarno.fara.sk\/?page_id=4606"},"modified":"2022-06-20T22:36:50","modified_gmt":"2022-06-20T20:36:50","slug":"sviatost-birmovania","status":"publish","type":"page","link":"https:\/\/www.komarno.fara.sk\/?page_id=4606","title":{"rendered":"Sviatos\u0165 birmovania"},"content":{"rendered":"<p><span style=\"font-size: 12pt;\"><strong>Sviatos\u0165 birmovania tvor\u00ed spolu s krstom a Eucharistiou jeden celok sviatost\u00ed uv\u00e1dzania do kres\u0165ansk\u00e9ho \u017eivota.\u00a0<\/strong><\/span><\/p>\n<p><span style=\"font-size: 12pt;\">U\u017e apo\u0161toli, plniac Kristovu v\u00f4\u013eu, vkladan\u00edm r\u00fak ude\u013eovali novopokrsten\u00fdm dar Ducha Sv\u00e4t\u00e9ho. Toto vkladanie r\u00fak sa v katol\u00edckej trad\u00edcii pr\u00e1vom pova\u017euje za za\u010diatok sviatosti birmovania, v\u010faka ktorej v Cirkvi ur\u010dit\u00fdm sp\u00f4sobom pretrv\u00e1va tur\u00ed\u010dna milos\u0165. Aby sa lep\u0161ie nazna\u010dil dar Ducha Sv\u00e4t\u00e9ho, ku vkladaniu r\u00fak sa pridalo pomazanie vo\u0148av\u00fdm olejom (krizmou). Pomazan\u00edm birmovanec dost\u00e1va \u201eznak\u201c, trval\u00fa pe\u010da\u0165 Ducha Sv\u00e4t\u00e9ho.<\/span><\/p>\n<p><span style=\"font-size: 12pt;\"><strong>\u00da\u010dinky sviatosti birmovania<\/strong>:<\/span><\/p>\n<p><span style=\"font-size: 12pt;\">spo\u010d\u00edvaj\u00fa v osobitnom vyliat\u00ed Ducha Sv\u00e4t\u00e9ho, ak\u00e9 kedysi apo\u0161toli dostali v de\u0148 Tur\u00edc:<\/span><\/p>\n<p><span style=\"font-size: 12pt;\">\u2014 preh\u013abenie zakorenenia v Bo\u017eom synovstve;<\/span><br \/>\n<span style=\"font-size: 12pt;\"> \u2014 pevnej\u0161ie zjednotenie s Kristom;<\/span><br \/>\n<span style=\"font-size: 12pt;\"> \u2014 zve\u013eadenie darov Ducha Sv\u00e4t\u00e9ho;<\/span><br \/>\n<span style=\"font-size: 12pt;\"> \u2014 zdokonalenie spojenia s Cirkvou;<\/span><br \/>\n<span style=\"font-size: 12pt;\"> \u2014 z\u00edskanie osobitnej sily Ducha Sv\u00e4t\u00e9ho na \u0161\u00edrenie a br\u00e1nenie viery slovom i skutkom.<\/span><\/p>\n<p><span style=\"font-size: 12pt;\"><strong>Kto m\u00f4\u017ee prija\u0165 t\u00fato sviatos\u0165?<\/strong><\/span><\/p>\n<p><span style=\"font-size: 12pt;\"><strong>Sviatos\u0165 birmovania m\u00f4\u017ee a m\u00e1 prija\u0165 ka\u017ed\u00fd pokrsten\u00fd, ktor\u00fd e\u0161te nebol birmovan\u00fd.<\/strong>\u00a0Ke\u010f\u017ee je v\u0161ak birmovanie vstupom do kres\u0165anskej zrelosti, z latinskej trad\u00edcie sa t\u00e1to sviatos\u0165 spravidla ude\u013euje po dosiahnut\u00ed \u201eveku usudzovania\u201c.<\/span><\/p>\n<p><span style=\"font-size: 12pt;\"><strong>Kandid\u00e1t birmovania, ktor\u00fd dosiahol vek pou\u017e\u00edvania rozumu, m\u00e1 vyzna\u0165 vieru<\/strong>, by\u0165 v stave milosti, ma\u0165 \u00famysel prija\u0165 t\u00fato sviatos\u0165 a m\u00e1 by\u0165 pripraven\u00fd vzia\u0165 na seba \u00falohu Kristovho u\u010den\u00edka a svedka v cirkevnom spolo\u010denstve i v \u010dasn\u00fdch z\u00e1le\u017eitostiach.<\/span><\/p>\n<p><span style=\"font-size: 12pt;\"><strong>Samotn\u00e9mu udeleniu sviatosti m\u00e1 predch\u00e1dza\u0165 pr\u00edprava na birmovanie<\/strong>, ktor\u00e1 vedie kres\u0165ana k int\u00edmnej\u0161iemu zjednoteniu s Kristom, k \u017eiv\u0161ej d\u00f4vernosti s Duchom Sv\u00e4t\u00fdm, s jeho \u010dinnos\u0165ou a s jeho darmi a vnuknutiami, aby mohol lep\u0161ie vzia\u0165 na seba apo\u0161tolsk\u00e9 povinnosti kres\u0165ansk\u00e9ho \u017eivota.<\/span><\/p>\n<p><span style=\"font-size: 12pt;\"><strong>Pr\u00edprava na prijatie sviatosti birmovania\u00a0 sa usiluje o prebudenie vedomia pr\u00edslu\u0161nosti ku Kristovej Cirkvi,<\/strong>\u00a0a to tak k v\u0161eobecnej Cirkvi, ako aj k farsk\u00e9mu spolo\u010denstvu, ktor\u00e9 m\u00e1 osobitn\u00fa zodpovednos\u0165 za pr\u00edpravu birmovancov.<\/span><\/p>\n<p><span style=\"font-size: 12pt;\"><strong>Birmo<\/strong><strong>vn\u00fd<\/strong><strong>\u00a0rodi\u010d:<\/strong><\/span><\/p>\n<p><span style=\"font-size: 12pt;\">&#8211; zav\u0155\u0161en\u00fd 16-ty rok veku \u017eivota,<\/span><\/p>\n<p><span style=\"font-size: 12pt;\">&#8211; pobirmovan\u00fd,<\/span><\/p>\n<p><span style=\"font-size: 12pt;\">&#8211; ak je zosob\u00e1\u0161en\u00fd, tak sviatostne (v kostole),<\/span><\/p>\n<p><span style=\"font-size: 12pt;\">&#8211; nerozveden\u00fd (ak je niekto rozveden\u00fd, birmovn\u00fdm rodi\u010dom m\u00f4\u017ee by\u0165, ak m\u00e1 p\u00edsomn\u00e9 povolenie od biskupa pristupova\u0165 ku sviatostiam),<\/span><\/p>\n<p><span style=\"font-size: 12pt;\">&#8211; ak je slobodn\u00fd, ne\u017eije vo vo\u013enom zv\u00e4zku, v spolo\u010dnej dom\u00e1cnosti s partnerom\/kou (konkubin\u00e1t),<\/span><\/p>\n<p><span style=\"font-size: 12pt;\">&#8211; praktizuj\u00faci kres\u0165an, nie iba &#8222;na papieri&#8220;, priate\u013e a vzor\u00a0vo viere pre birmovanca.<\/span><\/p>\n<p>&nbsp;<\/p>\n<p><span style=\"font-size: 12pt;\"><strong>Prax v na\u0161ej<\/strong><strong>\u00a0fa<\/strong><strong>rnosti<\/strong><\/span><\/p>\n<p><span style=\"font-size: 12pt;\">Sviatos\u0165 birmovania sa v na\u0161ej farnosti ude\u013euje pod\u013ea mo\u017enosti ka\u017ed\u00fd rok.<\/span><\/p>\n<p><span style=\"font-size: 12pt;\">Pripravuj\u00fa sa na \u0148u deviataci z\u00e1kladn\u00fdch \u0161k\u00f4l a star\u0161\u00ed.<\/span><\/p>\n<p><span style=\"font-size: 12pt;\">Stret\u00e1vame sa ka\u017ed\u00fd t\u00fd\u017ede\u0148 v skupink\u00e1ch.<\/span><\/p>\n<p><span style=\"font-size: 12pt;\">Akt\u00edvna \u00fa\u010das\u0165 na sv. om\u0161iach nie je podmienkou, je samozrejmos\u0165ou \ud83d\ude09<\/span><\/p>\n<p>&nbsp;<\/p>\n<p><span style=\"font-size: 12pt;\">Te\u0161\u00edme sa na teba &#8211; na \u010fal\u0161ieho skvel\u00e9ho \u010dloveka, ktor\u00fd t\u00fa\u017ei \u017ei\u0165 svoj \u017eivot s P\u00e1nom Je\u017ei\u0161om Kristom, v jeho Cirkvi.<\/span><\/p>\n<p>&nbsp;<\/p>\n<p>Za\u010diatok pr\u00edpravy birmovancov na \u010fal\u0161\u00ed rok sa v\u017edy vyhlasuje vo farsk\u00fdch oznamoch.<\/p>\n<p><span style=\"font-size: 12pt;\">_____________<\/span><\/p>\n","protected":false},"excerpt":{"rendered":"<p>Sviatos\u0165 birmovania tvor\u00ed spolu s krstom a Eucharistiou jeden celok sviatost\u00ed uv\u00e1dzania do kres\u0165ansk\u00e9ho \u017eivota.\u00a0 U\u017e apo\u0161toli, plniac Kristovu v\u00f4\u013eu, vkladan\u00edm r\u00fak ude\u013eovali novopokrsten\u00fdm dar Ducha Sv\u00e4t\u00e9ho. Toto vkladanie r\u00fak sa v katol\u00edckej trad\u00edcii pr\u00e1vom pova\u017euje za za\u010diatok sviatosti birmovania, v\u010faka ktorej v Cirkvi ur\u010dit\u00fdm sp\u00f4sobom pretrv\u00e1va tur\u00ed\u010dna milos\u0165. Aby sa lep\u0161ie nazna\u010dil dar Ducha Sv\u00e4t\u00e9ho, ku vkladaniu r\u00fak sa pridalo pomazanie vo\u0148av\u00fdm olejom (krizmou). Pomazan\u00edm birmovanec dost\u00e1va \u201eznak\u201c, trval\u00fa pe\u010da\u0165 Ducha Sv\u00e4t\u00e9ho. \u00da\u010dinky sviatosti birmovania: spo\u010d\u00edvaj\u00fa v osobitnom vyliat\u00ed Ducha Sv\u00e4t\u00e9ho, ak\u00e9 kedysi apo\u0161toli dostali v de\u0148 Tur\u00edc: \u2014 preh\u013abenie zakorenenia v Bo\u017eom synovstve; \u2014 pevnej\u0161ie zjednotenie s Kristom; \u2014 zve\u013eadenie darov Ducha Sv\u00e4t\u00e9ho; \u2014 zdokonalenie spojenia s Cirkvou; \u2014 z\u00edskanie osobitnej sily Ducha Sv\u00e4t\u00e9ho na \u0161\u00edrenie a br\u00e1nenie viery slovom i skutkom. Kto m\u00f4\u017ee prija\u0165 t\u00fato sviatos\u0165? Sviatos\u0165 birmovania m\u00f4\u017ee a m\u00e1 prija\u0165 ka\u017ed\u00fd pokrsten\u00fd, ktor\u00fd e\u0161te nebol birmovan\u00fd.\u00a0Ke\u010f\u017ee je v\u0161ak birmovanie vstupom do kres\u0165anskej zrelosti, z latinskej trad\u00edcie sa t\u00e1to sviatos\u0165 spravidla ude\u013euje po dosiahnut\u00ed \u201eveku usudzovania\u201c. Kandid\u00e1t birmovania, ktor\u00fd dosiahol vek pou\u017e\u00edvania rozumu, m\u00e1 vyzna\u0165 vieru, by\u0165 v stave milosti, ma\u0165 \u00famysel prija\u0165 t\u00fato sviatos\u0165 a m\u00e1 by\u0165 pripraven\u00fd vzia\u0165 na seba \u00falohu Kristovho u\u010den\u00edka a svedka v cirkevnom spolo\u010denstve i v \u010dasn\u00fdch z\u00e1le\u017eitostiach. Samotn\u00e9mu udeleniu sviatosti m\u00e1 predch\u00e1dza\u0165 pr\u00edprava na birmovanie, ktor\u00e1 vedie kres\u0165ana k int\u00edmnej\u0161iemu zjednoteniu s Kristom, k \u017eiv\u0161ej d\u00f4vernosti s Duchom Sv\u00e4t\u00fdm, s jeho \u010dinnos\u0165ou a s jeho darmi a vnuknutiami, aby mohol lep\u0161ie vzia\u0165 na seba apo\u0161tolsk\u00e9 povinnosti kres\u0165ansk\u00e9ho \u017eivota. Pr\u00edprava na prijatie sviatosti birmovania\u00a0 sa usiluje o prebudenie vedomia pr\u00edslu\u0161nosti ku Kristovej Cirkvi,\u00a0a to tak k v\u0161eobecnej Cirkvi, ako aj k farsk\u00e9mu spolo\u010denstvu, ktor\u00e9 m\u00e1 osobitn\u00fa zodpovednos\u0165 za pr\u00edpravu birmovancov. Birmovn\u00fd\u00a0rodi\u010d: &#8211; zav\u0155\u0161en\u00fd 16-ty rok veku \u017eivota, &#8211; pobirmovan\u00fd, &#8211; ak je zosob\u00e1\u0161en\u00fd, tak sviatostne (v kostole), &#8211; nerozveden\u00fd (ak je niekto rozveden\u00fd, birmovn\u00fdm rodi\u010dom m\u00f4\u017ee by\u0165, ak m\u00e1 p\u00edsomn\u00e9 povolenie od biskupa pristupova\u0165 ku sviatostiam), &#8211; ak je slobodn\u00fd, ne\u017eije vo vo\u013enom zv\u00e4zku, v spolo\u010dnej dom\u00e1cnosti s partnerom\/kou (konkubin\u00e1t), &#8211; praktizuj\u00faci kres\u0165an, nie iba &#8222;na papieri&#8220;, priate\u013e a vzor\u00a0vo viere pre birmovanca. &nbsp; Prax v na\u0161ej\u00a0farnosti Sviatos\u0165 birmovania sa v na\u0161ej farnosti ude\u013euje pod\u013ea mo\u017enosti ka\u017ed\u00fd rok. Pripravuj\u00fa sa na \u0148u deviataci z\u00e1kladn\u00fdch \u0161k\u00f4l a star\u0161\u00ed. Stret\u00e1vame sa ka\u017ed\u00fd t\u00fd\u017ede\u0148 v skupink\u00e1ch. Akt\u00edvna \u00fa\u010das\u0165 na sv. om\u0161iach nie je podmienkou, je samozrejmos\u0165ou \ud83d\ude09 &nbsp; Te\u0161\u00edme sa na teba &#8211; na \u010fal\u0161ieho skvel\u00e9ho \u010dloveka, ktor\u00fd t\u00fa\u017ei \u017ei\u0165 svoj \u017eivot s P\u00e1nom Je\u017ei\u0161om Kristom, v jeho Cirkvi. &nbsp; Za\u010diatok pr\u00edpravy birmovancov na \u010fal\u0161\u00ed rok sa v\u017edy vyhlasuje vo farsk\u00fdch oznamoch. _____________<\/p>\n","protected":false},"author":1,"featured_media":0,"parent":4456,"menu_order":0,"comment_status":"open","ping_status":"open","template":"","meta":{"footnotes":""},"class_list":["post-4606","page","type-page","status-publish","hentry"],"acf":[],"_links":{"self":[{"href":"https:\/\/www.komarno.fara.sk\/index.php?rest_route=\/wp\/v2\/pages\/4606","targetHints":{"allow":["GET"]}}],"collection":[{"href":"https:\/\/www.komarno.fara.sk\/index.php?rest_route=\/wp\/v2\/pages"}],"about":[{"href":"https:\/\/www.komarno.fara.sk\/index.php?rest_route=\/wp\/v2\/types\/page"}],"author":[{"embeddable":true,"href":"https:\/\/www.komarno.fara.sk\/index.php?rest_route=\/wp\/v2\/users\/1"}],"replies":[{"embeddable":true,"href":"https:\/\/www.komarno.fara.sk\/index.php?rest_route=%2Fwp%2Fv2%2Fcomments&post=4606"}],"version-history":[{"count":21,"href":"https:\/\/www.komarno.fara.sk\/index.php?rest_route=\/wp\/v2\/pages\/4606\/revisions"}],"predecessor-version":[{"id":8887,"href":"https:\/\/www.komarno.fara.sk\/index.php?rest_route=\/wp\/v2\/pages\/4606\/revisions\/8887"}],"up":[{"embeddable":true,"href":"https:\/\/www.komarno.fara.sk\/index.php?rest_route=\/wp\/v2\/pages\/4456"}],"wp:attachment":[{"href":"https:\/\/www.komarno.fara.sk\/index.php?rest_route=%2Fwp%2Fv2%2Fmedia&parent=4606"}],"curies":[{"name":"wp","href":"https:\/\/api.w.org\/{rel}","templated":true}]}}