{"id":4494,"date":"2014-10-18T20:42:07","date_gmt":"2014-10-18T18:42:07","guid":{"rendered":"http:\/\/www.komarno.fara.sk\/?page_id=4494"},"modified":"2015-04-21T23:03:44","modified_gmt":"2015-04-21T21:03:44","slug":"1-svate-prijimanie","status":"publish","type":"page","link":"https:\/\/www.komarno.fara.sk\/?page_id=4494","title":{"rendered":"Sviatos\u0165 Eucharistie"},"content":{"rendered":"<p><a href=\"http:\/\/www.komarno.fara.sk\/?page_id=4615\">&#8211; 1. Sv\u00e4t\u00e9 prij\u00edmanie &#8211; deti<\/a><\/p>\n<p><a href=\"http:\/\/www.komarno.fara.sk\/?page_id=5159\">&#8211; Prijatie Eucharistie &#8211; dospel\u00ed<\/a><\/p>\n<p><a href=\"http:\/\/www.komarno.fara.sk\/?page_id=4617\">&#8211; Prin\u00e1\u0161anie sv\u00e4t\u00e9ho prij\u00edmania chor\u00fdm domov<\/a><\/p>\n","protected":false},"excerpt":{"rendered":"<p>&#8211; 1. Sv\u00e4t\u00e9 prij\u00edmanie &#8211; deti &#8211; Prijatie Eucharistie &#8211; dospel\u00ed &#8211; Prin\u00e1\u0161anie sv\u00e4t\u00e9ho prij\u00edmania chor\u00fdm domov<\/p>\n","protected":false},"author":1,"featured_media":0,"parent":4456,"menu_order":0,"comment_status":"open","ping_status":"open","template":"","meta":{"footnotes":""},"class_list":["post-4494","page","type-page","status-publish","hentry"],"acf":[],"_links":{"self":[{"href":"https:\/\/www.komarno.fara.sk\/index.php?rest_route=\/wp\/v2\/pages\/4494","targetHints":{"allow":["GET"]}}],"collection":[{"href":"https:\/\/www.komarno.fara.sk\/index.php?rest_route=\/wp\/v2\/pages"}],"about":[{"href":"https:\/\/www.komarno.fara.sk\/index.php?rest_route=\/wp\/v2\/types\/page"}],"author":[{"embeddable":true,"href":"https:\/\/www.komarno.fara.sk\/index.php?rest_route=\/wp\/v2\/users\/1"}],"replies":[{"embeddable":true,"href":"https:\/\/www.komarno.fara.sk\/index.php?rest_route=%2Fwp%2Fv2%2Fcomments&post=4494"}],"version-history":[{"count":7,"href":"https:\/\/www.komarno.fara.sk\/index.php?rest_route=\/wp\/v2\/pages\/4494\/revisions"}],"predecessor-version":[{"id":5178,"href":"https:\/\/www.komarno.fara.sk\/index.php?rest_route=\/wp\/v2\/pages\/4494\/revisions\/5178"}],"up":[{"embeddable":true,"href":"https:\/\/www.komarno.fara.sk\/index.php?rest_route=\/wp\/v2\/pages\/4456"}],"wp:attachment":[{"href":"https:\/\/www.komarno.fara.sk\/index.php?rest_route=%2Fwp%2Fv2%2Fmedia&parent=4494"}],"curies":[{"name":"wp","href":"https:\/\/api.w.org\/{rel}","templated":true}]}}