{"id":4463,"date":"2014-10-13T09:51:13","date_gmt":"2014-10-13T07:51:13","guid":{"rendered":"http:\/\/www.komarno.fara.sk\/?page_id=4463"},"modified":"2020-07-14T17:30:31","modified_gmt":"2020-07-14T15:30:31","slug":"sobas","status":"publish","type":"page","link":"https:\/\/www.komarno.fara.sk\/?page_id=4463","title":{"rendered":"Sviatos\u0165 man\u017eelstva"},"content":{"rendered":"<p><span style=\"font-size: 12pt;\">&#8211; pre sob\u00e1\u0161 v&nbsp;na\u0161ej farnosti je potrebn\u00e9, aby aspo\u0148 jeden zo sn\u00fabencov mal&nbsp;<strong>trval\u00e9 bydlisko, alebo aspo\u0148 tri mesiace prechodn\u00e9 bydlisko, v&nbsp;Kom\u00e1rne<\/strong> (pr\u00edpadne vo fili\u00e1lke na\u0161ej farnosti \u2013 Kava, Hlin\u00edk, Vrbov\u00e1 nad V\u00e1hom. Farnosti I\u017ea, Nov\u00e1 Str\u00e1\u017e a&nbsp;jej fili\u00e1lka Zlatn\u00e1 na Ostrove je v&nbsp;tomto roku tie\u017e spravovan\u00e1 z Kom\u00e1rna). Ak s\u00fa obaja z&nbsp;inej farnosti, je potrebn\u00e1 aspo\u0148 od jedn\u00e9ho (oby\u010dajne od nevesty), tzv. \u201elicencia k sob\u00e1\u0161u\u201c \u2013 dovolenie k sob\u00e1\u0161u, od far\u00e1ra z&nbsp;farnosti odkia\u013e doty\u010dn\u00fd\/\u00e1 poch\u00e1dza.<\/span><\/p>\n<p><span style=\"font-size: 12pt;\">&#8211;&nbsp;<strong>Zarezervovanie term\u00ednu pre sob\u00e1\u0161<\/strong>&nbsp;mo\u017eno telefonicky, alebo osobne vo farskej kancel\u00e1rii (pracovn\u00e9 dni od 8:00 do 12:00).<\/span><\/p>\n<p><span style=\"font-size: 12pt;\">&#8211; V \u010dase rezerv\u00e1cie term\u00ednu, je potrebn\u00e9 skontaktova\u0165 sa aj&nbsp;<strong>s k\u0148azom<\/strong>&nbsp;(09&#8230;) a&nbsp;<strong>dohodn\u00fa\u0165 si prv\u00e9 stretnutie<\/strong>, pri ktorom si ur\u010d\u00edme sp\u00f4sob a formu&nbsp;predman\u017eelskej n\u00e1uky. Je dobr\u00e9 neodklada\u0165 to na posledn\u00fa chv\u00ed\u013eu, bezprostredne pred sob\u00e1\u0161om budete ma\u0165 ur\u010dite in\u00e9 starosti, preto nie je ni\u010d nezvy\u010dajn\u00e9 absolvova\u0165 predman\u017eelsk\u00e9 n\u00e1uky aj v 6 &#8211; 9 mesa\u010dnom predstihu ako je term\u00edn sob\u00e1\u0161a.<\/span><\/p>\n<p><span style=\"font-size: 12pt;\"><strong><u>S \u010d\u00edm potrebujete r\u00e1ta\u0165 3 mesiace pred sob\u00e1\u0161om?<\/u><\/strong><\/span><\/p>\n<p><span style=\"font-size: 12pt;\">&#8211; Aspo\u0148 tri mesiace pred sob\u00e1\u0161om<strong>&nbsp;<strong>nav\u0161t\u00edvte matriku<\/strong><\/strong>&nbsp;(Matri\u010dn\u00fd \u00farad, \u017dupn\u00e1 15, Kom\u00e1rno, 035\/2851 299), kde vypln\u00edte pr\u00edslu\u0161n\u00e9 tla\u010divo (okrem klasick\u00fdch \u00fadajov o&nbsp;V\u00e1s a&nbsp;Va\u0161ich rodi\u010doch \u2013 narodenia, bydlisko, &#8230; \u2013 bud\u00fa od V\u00e1s na matrike po\u017eadova\u0165 v&nbsp;dotazn\u00edku aj rodn\u00e9 \u010d\u00edsla Va\u0161ich svedkov sob\u00e1\u0161a). Toto tla\u010divo vyplnen\u00e9 na matri\u010dnom \u00farade, prineste na farsk\u00fd \u00farad, kde budete sob\u00e1\u0161en\u00ed, upovedomte o tom aj k\u0148aza, s ktor\u00fdm o Va\u0161om sob\u00e1\u0161i komunikujete.<\/span><\/p>\n<p><span style=\"font-size: 12pt;\">&#8211; ten,&nbsp;<strong>kto nebol krsten\u00fd v&nbsp;Kom\u00e1rne,<\/strong><strong>&nbsp;<\/strong>nech tie\u017e prinesie \u201eve\u013ek\u00fd\u201c krstn\u00fd list (form\u00e1t A4), z&nbsp;farnosti, kde bol krsten\u00fd (tento krstn\u00fd list nesmie by\u0165 star\u0161\u00ed ako tri mesiace),<\/span><\/p>\n<p><span style=\"font-size: 12pt;\">&#8211; trval\u00e9 bydlisko&nbsp;<strong>svedkov<\/strong>&nbsp;(\u00fapln\u00e1 adresa vr\u00e1tane PS\u010c),<\/span><\/p>\n<p><span style=\"font-size: 12pt;\">&#8211;&nbsp;<strong>vdova\/vdovec<\/strong>&nbsp;\u00famrtn\u00fd list zosnul\u00e9ho man\u017eela\/man\u017eelky.<\/span><\/p>\n<p style=\"text-align: center;\">&nbsp;<\/p>\n<p><span style=\"font-size: 12pt;\">&nbsp;<\/span><\/p>\n","protected":false},"excerpt":{"rendered":"<p>&#8211; pre sob\u00e1\u0161 v&nbsp;na\u0161ej farnosti je potrebn\u00e9, aby aspo\u0148 jeden zo sn\u00fabencov mal&nbsp;trval\u00e9 bydlisko, alebo aspo\u0148 tri mesiace prechodn\u00e9 bydlisko, v&nbsp;Kom\u00e1rne (pr\u00edpadne vo fili\u00e1lke na\u0161ej farnosti \u2013 Kava, Hlin\u00edk, Vrbov\u00e1 nad V\u00e1hom. Farnosti I\u017ea, Nov\u00e1 Str\u00e1\u017e a&nbsp;jej fili\u00e1lka Zlatn\u00e1 na Ostrove je v&nbsp;tomto roku tie\u017e spravovan\u00e1 z Kom\u00e1rna). Ak s\u00fa obaja z&nbsp;inej farnosti, je potrebn\u00e1 aspo\u0148 od jedn\u00e9ho (oby\u010dajne od nevesty), tzv. \u201elicencia k sob\u00e1\u0161u\u201c \u2013 dovolenie k sob\u00e1\u0161u, od far\u00e1ra z&nbsp;farnosti odkia\u013e doty\u010dn\u00fd\/\u00e1 poch\u00e1dza. &#8211;&nbsp;Zarezervovanie term\u00ednu pre sob\u00e1\u0161&nbsp;mo\u017eno telefonicky, alebo osobne vo farskej kancel\u00e1rii (pracovn\u00e9 dni od 8:00 do 12:00). &#8211; V \u010dase rezerv\u00e1cie term\u00ednu, je potrebn\u00e9 skontaktova\u0165 sa aj&nbsp;s k\u0148azom&nbsp;(09&#8230;) a&nbsp;dohodn\u00fa\u0165 si prv\u00e9 stretnutie, pri ktorom si ur\u010d\u00edme sp\u00f4sob a formu&nbsp;predman\u017eelskej n\u00e1uky. Je dobr\u00e9 neodklada\u0165 to na posledn\u00fa chv\u00ed\u013eu, bezprostredne pred sob\u00e1\u0161om budete ma\u0165 ur\u010dite in\u00e9 starosti, preto nie je ni\u010d nezvy\u010dajn\u00e9 absolvova\u0165 predman\u017eelsk\u00e9 n\u00e1uky aj v 6 &#8211; 9 mesa\u010dnom predstihu ako je term\u00edn sob\u00e1\u0161a. S \u010d\u00edm potrebujete r\u00e1ta\u0165 3 mesiace pred sob\u00e1\u0161om? &#8211; Aspo\u0148 tri mesiace pred sob\u00e1\u0161om&nbsp;nav\u0161t\u00edvte matriku&nbsp;(Matri\u010dn\u00fd \u00farad, \u017dupn\u00e1 15, Kom\u00e1rno, 035\/2851 299), kde vypln\u00edte pr\u00edslu\u0161n\u00e9 tla\u010divo (okrem klasick\u00fdch \u00fadajov o&nbsp;V\u00e1s a&nbsp;Va\u0161ich rodi\u010doch \u2013 narodenia, bydlisko, &#8230; \u2013 bud\u00fa od V\u00e1s na matrike po\u017eadova\u0165 v&nbsp;dotazn\u00edku aj rodn\u00e9 \u010d\u00edsla Va\u0161ich svedkov sob\u00e1\u0161a). Toto tla\u010divo vyplnen\u00e9 na matri\u010dnom \u00farade, prineste na farsk\u00fd \u00farad, kde budete sob\u00e1\u0161en\u00ed, upovedomte o tom aj k\u0148aza, s ktor\u00fdm o Va\u0161om sob\u00e1\u0161i komunikujete. &#8211; ten,&nbsp;kto nebol krsten\u00fd v&nbsp;Kom\u00e1rne,&nbsp;nech tie\u017e prinesie \u201eve\u013ek\u00fd\u201c krstn\u00fd list (form\u00e1t A4), z&nbsp;farnosti, kde bol krsten\u00fd (tento krstn\u00fd list nesmie by\u0165 star\u0161\u00ed ako tri mesiace), &#8211; trval\u00e9 bydlisko&nbsp;svedkov&nbsp;(\u00fapln\u00e1 adresa vr\u00e1tane PS\u010c), &#8211;&nbsp;vdova\/vdovec&nbsp;\u00famrtn\u00fd list zosnul\u00e9ho man\u017eela\/man\u017eelky. &nbsp; &nbsp;<\/p>\n","protected":false},"author":1,"featured_media":0,"parent":4456,"menu_order":0,"comment_status":"open","ping_status":"open","template":"","meta":{"footnotes":""},"class_list":["post-4463","page","type-page","status-publish","hentry"],"acf":[],"_links":{"self":[{"href":"https:\/\/www.komarno.fara.sk\/index.php?rest_route=\/wp\/v2\/pages\/4463","targetHints":{"allow":["GET"]}}],"collection":[{"href":"https:\/\/www.komarno.fara.sk\/index.php?rest_route=\/wp\/v2\/pages"}],"about":[{"href":"https:\/\/www.komarno.fara.sk\/index.php?rest_route=\/wp\/v2\/types\/page"}],"author":[{"embeddable":true,"href":"https:\/\/www.komarno.fara.sk\/index.php?rest_route=\/wp\/v2\/users\/1"}],"replies":[{"embeddable":true,"href":"https:\/\/www.komarno.fara.sk\/index.php?rest_route=%2Fwp%2Fv2%2Fcomments&post=4463"}],"version-history":[{"count":26,"href":"https:\/\/www.komarno.fara.sk\/index.php?rest_route=\/wp\/v2\/pages\/4463\/revisions"}],"predecessor-version":[{"id":8644,"href":"https:\/\/www.komarno.fara.sk\/index.php?rest_route=\/wp\/v2\/pages\/4463\/revisions\/8644"}],"up":[{"embeddable":true,"href":"https:\/\/www.komarno.fara.sk\/index.php?rest_route=\/wp\/v2\/pages\/4456"}],"wp:attachment":[{"href":"https:\/\/www.komarno.fara.sk\/index.php?rest_route=%2Fwp%2Fv2%2Fmedia&parent=4463"}],"curies":[{"name":"wp","href":"https:\/\/api.w.org\/{rel}","templated":true}]}}