{"id":4456,"date":"2014-10-13T09:46:20","date_gmt":"2014-10-13T07:46:20","guid":{"rendered":"http:\/\/www.komarno.fara.sk\/?page_id=4456"},"modified":"2025-04-04T20:00:23","modified_gmt":"2025-04-04T18:00:23","slug":"sviatosti","status":"publish","type":"page","link":"https:\/\/www.komarno.fara.sk\/?page_id=4456","title":{"rendered":"Sviatosti"},"content":{"rendered":"\n<p class=\"has-text-align-center\">Sviatosti&nbsp;Nov\u00e9ho z\u00e1kona ako vieme ustanovil Je\u017ei\u0161 Kristus. Je ich sedem: krst, birmovanie, Eucharistia, pok\u00e1nie, pomazanie chor\u00fdch, posv\u00e4tn\u00fd stav a man\u017eelstvo. Tieto sviatosti sa toti\u017e t\u00fdkaj\u00fa v\u0161etk\u00fdch et\u00e1p a v\u0161etk\u00fdch d\u00f4le\u017eit\u00fdch chv\u00ed\u013e \u017eivota kres\u0165ana: d\u00e1vaj\u00fa do \u017eivota viery kres\u0165anov vznik a rast, uzdravenie a poslanie. V tomto je ur\u010dit\u00e1 podobnos\u0165 medzi etapami prirodzen\u00e9ho \u017eivota a etapami duchovn\u00e9ho \u017eivota.<\/p>\n\n\n\n<p class=\"has-text-align-center\">Sviatosti Cirkvi s\u00fa rozdelen\u00e9 na uv\u00e1dzania do kres\u0165ansk\u00e9ho \u017eivota (krst, birmovanie, Eucharistia), potom sviatosti uzdravenia (pok\u00e1nie, pomazanie chor\u00fdch) a nakoniec sviatosti slu\u017eby spolo\u010denstvu a poslaniu veriacich (posv\u00e4tn\u00fd stav a man\u017eelstvo). Tieto sviatosti tvoria ur\u010dit\u00fd organizmus, v ktorom m\u00e1 ka\u017ed\u00e1 sviatos\u0165 svoje \u017eivotne miesto. V tomto organizme m\u00e1 Eucharistia ako \u201esviatos\u0165 sviatost\u00ed\u201c jedine\u010dn\u00e9 miesto: \u201eV\u0161etky ostatn\u00e9 sviatosti s\u00fa zameran\u00e9 na \u0148u ako na svoj cie\u013e.<\/p>\n\n\n\n<div class=\"wp-block-group alignfull is-style-section-1 is-content-justification-center\" style=\"margin-top:0;margin-bottom:0;padding-top:var(--wp--preset--spacing--60);padding-bottom:var(--wp--preset--spacing--60)\"><div class=\"wp-block-group__inner-container is-layout-constrained wp-block-group-is-layout-constrained\"><\/div><\/div>\n\n\n\n<div class=\"wp-block-group alignfull is-style-section-1 is-content-justification-center\" style=\"margin-top:0;margin-bottom:0;padding-top:var(--wp--preset--spacing--60);padding-bottom:var(--wp--preset--spacing--60)\"><div class=\"wp-block-group__inner-container is-layout-constrained wp-block-group-is-layout-constrained\">\n<div class=\"wp-block-columns alignwide is-layout-flex wp-container-core-columns-is-layout-bd0aba32 wp-block-columns-is-layout-flex\">\n<div class=\"wp-block-column is-layout-flow wp-block-column-is-layout-flow\"><div class=\"wp-block-image\">\n<figure class=\"aligncenter size-full is-resized\"><a href=\"https:\/\/www.komarno.fara.sk\/wp-content\/uploads\/2025\/02\/Dizajn-bez-nazvu-13.png\"><img loading=\"lazy\" decoding=\"async\" width=\"800\" height=\"800\" src=\"https:\/\/www.komarno.fara.sk\/wp-content\/uploads\/2025\/02\/Dizajn-bez-nazvu-13.png\" alt=\"\" class=\"wp-image-9859\" style=\"width:60px\" srcset=\"https:\/\/www.komarno.fara.sk\/wp-content\/uploads\/2025\/02\/Dizajn-bez-nazvu-13.png 800w, https:\/\/www.komarno.fara.sk\/wp-content\/uploads\/2025\/02\/Dizajn-bez-nazvu-13-150x150.png 150w, https:\/\/www.komarno.fara.sk\/wp-content\/uploads\/2025\/02\/Dizajn-bez-nazvu-13-300x300.png 300w, https:\/\/www.komarno.fara.sk\/wp-content\/uploads\/2025\/02\/Dizajn-bez-nazvu-13-768x768.png 768w, https:\/\/www.komarno.fara.sk\/wp-content\/uploads\/2025\/02\/Dizajn-bez-nazvu-13-75x75.png 75w\" sizes=\"auto, (max-width: 800px) 100vw, 800px\" \/><\/a><\/figure><\/div>\n\n\n<h3 class=\"wp-block-heading has-text-align-center has-medium-font-size\">Sviatos\u0165 krstu<\/h3>\n\n\n\n<p class=\"has-text-align-center\"><a href=\"http:\/\/www.komarno.fara.sk\/?page_id=4459\" data-type=\"link\" data-id=\"http:\/\/www.komarno.fara.sk\/?page_id=4459\">viac inform\u00e1ci\u00ed<\/a><\/p>\n<\/div>\n\n\n\n<div class=\"wp-block-column is-layout-flow wp-block-column-is-layout-flow\"><div class=\"wp-block-image\">\n<figure class=\"aligncenter size-full is-resized\"><a href=\"https:\/\/www.komarno.fara.sk\/wp-content\/uploads\/2025\/02\/Dizajn-bez-nazvu-14.png\"><img loading=\"lazy\" decoding=\"async\" width=\"800\" height=\"800\" src=\"https:\/\/www.komarno.fara.sk\/wp-content\/uploads\/2025\/02\/Dizajn-bez-nazvu-14.png\" alt=\"\" class=\"wp-image-9860\" style=\"width:60px\" srcset=\"https:\/\/www.komarno.fara.sk\/wp-content\/uploads\/2025\/02\/Dizajn-bez-nazvu-14.png 800w, https:\/\/www.komarno.fara.sk\/wp-content\/uploads\/2025\/02\/Dizajn-bez-nazvu-14-150x150.png 150w, https:\/\/www.komarno.fara.sk\/wp-content\/uploads\/2025\/02\/Dizajn-bez-nazvu-14-300x300.png 300w, https:\/\/www.komarno.fara.sk\/wp-content\/uploads\/2025\/02\/Dizajn-bez-nazvu-14-768x768.png 768w, https:\/\/www.komarno.fara.sk\/wp-content\/uploads\/2025\/02\/Dizajn-bez-nazvu-14-75x75.png 75w\" sizes=\"auto, (max-width: 800px) 100vw, 800px\" \/><\/a><\/figure><\/div>\n\n\n<h3 class=\"wp-block-heading alignwide has-text-align-center has-medium-font-size\">Sviatos\u0165 eucharistie<\/h3>\n\n\n\n<p class=\"has-text-align-center\"><a href=\"https:\/\/www.komarno.fara.sk\/?page_id=4494\" data-type=\"link\" data-id=\"https:\/\/www.komarno.fara.sk\/?page_id=4494\">viac inform\u00e1ci\u00ed<\/a><\/p>\n<\/div>\n\n\n\n<div class=\"wp-block-column is-layout-flow wp-block-column-is-layout-flow\"><div class=\"wp-block-image\">\n<figure class=\"aligncenter size-full is-resized\"><a href=\"https:\/\/www.komarno.fara.sk\/wp-content\/uploads\/2025\/02\/Dizajn-bez-nazvu-15.png\"><img loading=\"lazy\" decoding=\"async\" width=\"800\" height=\"800\" src=\"https:\/\/www.komarno.fara.sk\/wp-content\/uploads\/2025\/02\/Dizajn-bez-nazvu-15.png\" alt=\"\" class=\"wp-image-9861\" style=\"width:60px\" srcset=\"https:\/\/www.komarno.fara.sk\/wp-content\/uploads\/2025\/02\/Dizajn-bez-nazvu-15.png 800w, https:\/\/www.komarno.fara.sk\/wp-content\/uploads\/2025\/02\/Dizajn-bez-nazvu-15-150x150.png 150w, https:\/\/www.komarno.fara.sk\/wp-content\/uploads\/2025\/02\/Dizajn-bez-nazvu-15-300x300.png 300w, https:\/\/www.komarno.fara.sk\/wp-content\/uploads\/2025\/02\/Dizajn-bez-nazvu-15-768x768.png 768w, https:\/\/www.komarno.fara.sk\/wp-content\/uploads\/2025\/02\/Dizajn-bez-nazvu-15-75x75.png 75w\" sizes=\"auto, (max-width: 800px) 100vw, 800px\" \/><\/a><\/figure><\/div>\n\n\n<h3 class=\"wp-block-heading has-text-align-center has-medium-font-size\">Sviatos\u0165 birmovania<\/h3>\n\n\n\n<p class=\"has-text-align-center\"><a href=\"https:\/\/www.komarno.fara.sk\/?page_id=4606\" data-type=\"link\" data-id=\"https:\/\/www.komarno.fara.sk\/?page_id=4606\">viac inform\u00e1ci\u00ed<\/a><\/p>\n<\/div>\n<\/div>\n<\/div><\/div>\n\n\n\n<div class=\"wp-block-group alignfull is-style-section-1 is-content-justification-center\" style=\"margin-top:0;margin-bottom:0;padding-top:var(--wp--preset--spacing--60);padding-bottom:var(--wp--preset--spacing--60)\"><div class=\"wp-block-group__inner-container is-layout-constrained wp-block-group-is-layout-constrained\">\n<div class=\"wp-block-columns alignwide is-layout-flex wp-container-core-columns-is-layout-bd0aba32 wp-block-columns-is-layout-flex\">\n<div class=\"wp-block-column is-layout-flow wp-block-column-is-layout-flow\"><div class=\"wp-block-image\">\n<figure class=\"aligncenter size-full is-resized\"><a href=\"https:\/\/www.komarno.fara.sk\/wp-content\/uploads\/2025\/02\/Dizajn-bez-nazvu-11.png\"><img loading=\"lazy\" decoding=\"async\" width=\"800\" height=\"800\" src=\"https:\/\/www.komarno.fara.sk\/wp-content\/uploads\/2025\/02\/Dizajn-bez-nazvu-11.png\" alt=\"\" class=\"wp-image-9862\" style=\"width:60px\" srcset=\"https:\/\/www.komarno.fara.sk\/wp-content\/uploads\/2025\/02\/Dizajn-bez-nazvu-11.png 800w, https:\/\/www.komarno.fara.sk\/wp-content\/uploads\/2025\/02\/Dizajn-bez-nazvu-11-150x150.png 150w, https:\/\/www.komarno.fara.sk\/wp-content\/uploads\/2025\/02\/Dizajn-bez-nazvu-11-300x300.png 300w, https:\/\/www.komarno.fara.sk\/wp-content\/uploads\/2025\/02\/Dizajn-bez-nazvu-11-768x768.png 768w, https:\/\/www.komarno.fara.sk\/wp-content\/uploads\/2025\/02\/Dizajn-bez-nazvu-11-75x75.png 75w\" sizes=\"auto, (max-width: 800px) 100vw, 800px\" \/><\/a><\/figure><\/div>\n\n\n<h3 class=\"wp-block-heading has-text-align-center has-medium-font-size\">Sviatos\u0165 zmierenia<\/h3>\n\n\n\n<p class=\"has-text-align-center\"><a href=\"https:\/\/www.komarno.fara.sk\/?page_id=4608\" data-type=\"link\" data-id=\"https:\/\/www.komarno.fara.sk\/?page_id=4608\">viac inform\u00e1ci\u00ed<\/a><\/p>\n<\/div>\n\n\n\n<div class=\"wp-block-column is-layout-flow wp-block-column-is-layout-flow\"><div class=\"wp-block-image\">\n<figure class=\"aligncenter size-full is-resized\"><a href=\"https:\/\/www.komarno.fara.sk\/wp-content\/uploads\/2025\/02\/Dizajn-bez-nazvu-10.png\"><img loading=\"lazy\" decoding=\"async\" width=\"800\" height=\"800\" src=\"https:\/\/www.komarno.fara.sk\/wp-content\/uploads\/2025\/02\/Dizajn-bez-nazvu-10.png\" alt=\"\" class=\"wp-image-9865\" style=\"width:60px\" srcset=\"https:\/\/www.komarno.fara.sk\/wp-content\/uploads\/2025\/02\/Dizajn-bez-nazvu-10.png 800w, https:\/\/www.komarno.fara.sk\/wp-content\/uploads\/2025\/02\/Dizajn-bez-nazvu-10-150x150.png 150w, https:\/\/www.komarno.fara.sk\/wp-content\/uploads\/2025\/02\/Dizajn-bez-nazvu-10-300x300.png 300w, https:\/\/www.komarno.fara.sk\/wp-content\/uploads\/2025\/02\/Dizajn-bez-nazvu-10-768x768.png 768w, https:\/\/www.komarno.fara.sk\/wp-content\/uploads\/2025\/02\/Dizajn-bez-nazvu-10-75x75.png 75w\" sizes=\"auto, (max-width: 800px) 100vw, 800px\" \/><\/a><\/figure><\/div>\n\n\n<h3 class=\"wp-block-heading has-text-align-center has-medium-font-size\">Sviatos\u0165 pomazania chor\u00fdch<\/h3>\n\n\n\n<p class=\"has-text-align-center\"><a href=\"https:\/\/www.komarno.fara.sk\/?page_id=4610\" data-type=\"link\" data-id=\"https:\/\/www.komarno.fara.sk\/?page_id=4610\">viac inform\u00e1ci\u00ed<\/a><\/p>\n<\/div>\n\n\n\n<div class=\"wp-block-column is-layout-flow wp-block-column-is-layout-flow\"><div class=\"wp-block-image\">\n<figure class=\"aligncenter size-full is-resized\"><a href=\"https:\/\/www.komarno.fara.sk\/wp-content\/uploads\/2025\/02\/Dizajn-bez-nazvu-16.png\"><img loading=\"lazy\" decoding=\"async\" width=\"800\" height=\"800\" src=\"https:\/\/www.komarno.fara.sk\/wp-content\/uploads\/2025\/02\/Dizajn-bez-nazvu-16.png\" alt=\"\" class=\"wp-image-9867\" style=\"width:60px\" srcset=\"https:\/\/www.komarno.fara.sk\/wp-content\/uploads\/2025\/02\/Dizajn-bez-nazvu-16.png 800w, https:\/\/www.komarno.fara.sk\/wp-content\/uploads\/2025\/02\/Dizajn-bez-nazvu-16-150x150.png 150w, https:\/\/www.komarno.fara.sk\/wp-content\/uploads\/2025\/02\/Dizajn-bez-nazvu-16-300x300.png 300w, https:\/\/www.komarno.fara.sk\/wp-content\/uploads\/2025\/02\/Dizajn-bez-nazvu-16-768x768.png 768w, https:\/\/www.komarno.fara.sk\/wp-content\/uploads\/2025\/02\/Dizajn-bez-nazvu-16-75x75.png 75w\" sizes=\"auto, (max-width: 800px) 100vw, 800px\" \/><\/a><\/figure><\/div>\n\n\n<h3 class=\"wp-block-heading has-text-align-center has-medium-font-size\">Sviatos\u0165 man\u017eelstva<\/h3>\n\n\n\n<p class=\"has-text-align-center\"><a href=\"https:\/\/www.komarno.fara.sk\/?page_id=4463\" data-type=\"link\" data-id=\"https:\/\/www.komarno.fara.sk\/?page_id=4463\">viac inform\u00e1ci\u00ed<\/a><\/p>\n<\/div>\n<\/div>\n<\/div><\/div>\n\n\n\n<div class=\"wp-block-group alignfull is-style-section-1 is-content-justification-center\" style=\"margin-top:0;margin-bottom:0;padding-top:var(--wp--preset--spacing--60);padding-bottom:var(--wp--preset--spacing--60)\"><div class=\"wp-block-group__inner-container is-layout-constrained wp-block-group-is-layout-constrained\">\n<div class=\"wp-block-columns alignwide is-layout-flex wp-container-core-columns-is-layout-bd0aba32 wp-block-columns-is-layout-flex\">\n<div class=\"wp-block-column is-layout-flow wp-block-column-is-layout-flow\">\n<h3 class=\"wp-block-heading has-medium-font-size\"><\/h3>\n\n\n\n<p><\/p>\n<\/div>\n\n\n\n<div class=\"wp-block-column is-layout-flow wp-block-column-is-layout-flow\"><div class=\"wp-block-image\">\n<figure class=\"aligncenter size-full is-resized\"><a href=\"http:\/\/www.komarno.fara.sk\/wp-content\/uploads\/2025\/02\/cxc.png\"><img loading=\"lazy\" decoding=\"async\" width=\"180\" height=\"225\" src=\"http:\/\/www.komarno.fara.sk\/wp-content\/uploads\/2025\/02\/cxc.png\" alt=\"\" class=\"wp-image-9872\" style=\"width:30px\"\/><\/a><\/figure><\/div>\n\n\n<h3 class=\"wp-block-heading has-text-align-center has-medium-font-size\">Sviatos\u0165 k\u0148azstva<\/h3>\n\n\n\n<p class=\"has-text-align-center\"><a href=\"https:\/\/www.komarno.fara.sk\/?page_id=4612\" data-type=\"link\" data-id=\"https:\/\/www.komarno.fara.sk\/?page_id=4612\">viac inform\u00e1ci\u00ed<\/a><\/p>\n<\/div>\n\n\n\n<div class=\"wp-block-column is-layout-flow wp-block-column-is-layout-flow\">\n<h3 class=\"wp-block-heading has-medium-font-size\"><\/h3>\n<\/div>\n<\/div>\n<\/div><\/div>\n\n\n\n<p><\/p>\n","protected":false},"excerpt":{"rendered":"<p>Sviatosti&nbsp;Nov\u00e9ho z\u00e1kona ako vieme ustanovil Je\u017ei\u0161 Kristus. Je ich sedem: krst, birmovanie, Eucharistia, pok\u00e1nie, pomazanie chor\u00fdch, posv\u00e4tn\u00fd stav a man\u017eelstvo. Tieto sviatosti sa toti\u017e t\u00fdkaj\u00fa v\u0161etk\u00fdch et\u00e1p a v\u0161etk\u00fdch d\u00f4le\u017eit\u00fdch chv\u00ed\u013e \u017eivota kres\u0165ana: d\u00e1vaj\u00fa do \u017eivota viery kres\u0165anov vznik a rast, uzdravenie a poslanie. V tomto je ur\u010dit\u00e1 podobnos\u0165 medzi etapami prirodzen\u00e9ho \u017eivota a etapami duchovn\u00e9ho \u017eivota. Sviatosti Cirkvi s\u00fa rozdelen\u00e9 na uv\u00e1dzania do kres\u0165ansk\u00e9ho \u017eivota (krst, birmovanie, Eucharistia), potom sviatosti uzdravenia (pok\u00e1nie, pomazanie chor\u00fdch) a nakoniec sviatosti slu\u017eby spolo\u010denstvu a poslaniu veriacich (posv\u00e4tn\u00fd stav a man\u017eelstvo). Tieto sviatosti tvoria ur\u010dit\u00fd organizmus, v ktorom m\u00e1 ka\u017ed\u00e1 sviatos\u0165 svoje \u017eivotne miesto. V tomto organizme m\u00e1 Eucharistia ako \u201esviatos\u0165 sviatost\u00ed\u201c jedine\u010dn\u00e9 miesto: \u201eV\u0161etky ostatn\u00e9 sviatosti s\u00fa zameran\u00e9 na \u0148u ako na svoj cie\u013e. Sviatos\u0165 krstu viac inform\u00e1ci\u00ed Sviatos\u0165 eucharistie viac inform\u00e1ci\u00ed Sviatos\u0165 birmovania viac inform\u00e1ci\u00ed Sviatos\u0165 zmierenia viac inform\u00e1ci\u00ed Sviatos\u0165 pomazania chor\u00fdch viac inform\u00e1ci\u00ed Sviatos\u0165 man\u017eelstva viac inform\u00e1ci\u00ed Sviatos\u0165 k\u0148azstva viac inform\u00e1ci\u00ed<\/p>\n","protected":false},"author":1,"featured_media":0,"parent":0,"menu_order":0,"comment_status":"closed","ping_status":"open","template":"","meta":{"footnotes":""},"class_list":["post-4456","page","type-page","status-publish","hentry"],"acf":[],"_links":{"self":[{"href":"https:\/\/www.komarno.fara.sk\/index.php?rest_route=\/wp\/v2\/pages\/4456","targetHints":{"allow":["GET"]}}],"collection":[{"href":"https:\/\/www.komarno.fara.sk\/index.php?rest_route=\/wp\/v2\/pages"}],"about":[{"href":"https:\/\/www.komarno.fara.sk\/index.php?rest_route=\/wp\/v2\/types\/page"}],"author":[{"embeddable":true,"href":"https:\/\/www.komarno.fara.sk\/index.php?rest_route=\/wp\/v2\/users\/1"}],"replies":[{"embeddable":true,"href":"https:\/\/www.komarno.fara.sk\/index.php?rest_route=%2Fwp%2Fv2%2Fcomments&post=4456"}],"version-history":[{"count":50,"href":"https:\/\/www.komarno.fara.sk\/index.php?rest_route=\/wp\/v2\/pages\/4456\/revisions"}],"predecessor-version":[{"id":10088,"href":"https:\/\/www.komarno.fara.sk\/index.php?rest_route=\/wp\/v2\/pages\/4456\/revisions\/10088"}],"wp:attachment":[{"href":"https:\/\/www.komarno.fara.sk\/index.php?rest_route=%2Fwp%2Fv2%2Fmedia&parent=4456"}],"curies":[{"name":"wp","href":"https:\/\/api.w.org\/{rel}","templated":true}]}}