{"id":23,"date":"2013-09-17T23:37:34","date_gmt":"2013-09-17T23:37:34","guid":{"rendered":"http:\/\/www.komarno.fara.sk\/?page_id=23"},"modified":"2025-04-02T09:17:15","modified_gmt":"2025-04-02T07:17:15","slug":"dekanat","status":"publish","type":"page","link":"https:\/\/www.komarno.fara.sk\/?page_id=23","title":{"rendered":"Dekan\u00e1t"},"content":{"rendered":"<p><a href=\"http:\/\/www.komarno.fara.sk\/wp-content\/uploads\/2013\/09\/erb-dekanatu-komarno.jpg\" rel=\"attachment wp-att-6087\"><img loading=\"lazy\" decoding=\"async\" class=\"size-full wp-image-6087 alignleft\" src=\"http:\/\/www.komarno.fara.sk\/wp-content\/uploads\/2013\/09\/erb-dekanatu-komarno.jpg\" alt=\"erb-dekanatu-komarno\" width=\"206\" height=\"200\" \/><\/a><strong>\u00a0 \u00a0 \u00a0 \u00a0 \u00a0 Erb dekan\u00e1tu<\/strong> &#8211;\u00a0\u010derven\u00fd \u0161t\u00edt pret\u00edna v strede delen\u00fd zlatostrieborn\u00fd ondrejsk\u00fd kr\u00ed\u017e (sv. Ondrej je patr\u00f3n dekansk\u00e9ho kostola), sprev\u00e1dzan\u00fd \u0161tyrmi hviezdami. Hore a dolu s\u00fa sedemc\u00edpe (symbol Panny M\u00e1rie) a po bokoch \u0161es\u0165c\u00edpe. Nad \u0161t\u00edtom sa vzn\u00e1\u0161a k\u0148azsk\u00fd klob\u00fak s dvoma strapcami na \u010diernej \u0161n\u00fare na ka\u017edej strane.<\/p>\n<p>[symple_divider style=&#8220;fadein&#8220; margin_top=&#8220;20px&#8220; margin_bottom=&#8220;20px&#8220;]<\/p>\n<p><b>Kom\u00e1r\u0148ansk\u00fd<\/b><strong>\u00a0dekan\u00e1t tvoria tieto farnosti:<\/strong><\/p>\n<ul>\n<li><b>RKF\u00da\u00a0Kom\u00e1rno<\/b>\n<ul>\n<li>Palat\u00ednova\u00a011, 945 01\u00a0Kom\u00e1rno<\/li>\n<li>bazilika sv. Ondreja (1763)<\/li>\n<li>kostol sv. Roz\u00e1lie (1844)<\/li>\n<li>kaplnka sv. Anny (18. stor.)<\/li>\n<li>kaplnka sv. Jozefa (1741)<\/li>\n<li>kaplnka Fatimskej Panny M\u00e1rie (2024)<\/li>\n<\/ul>\n<\/li>\n<\/ul>\n<ul>\n<li><b>RKF\u00da I\u017ea<\/b>\n<ul>\n<li>Hlavn\u00e1 1, 946 39 I\u017ea<\/li>\n<li>kostol sv. Michala Archanjela (1724)<\/li>\n<\/ul>\n<\/li>\n<\/ul>\n<ul>\n<li><b>RKF\u00da Kameni\u010dn\u00e1<\/b>\n<ul>\n<li>Hlavn\u00e1 120, 946 01 Kameni\u010dn\u00e1<\/li>\n<li>kostol sv. Vendel\u00edna (1863)<\/li>\n<\/ul>\n<\/li>\n<\/ul>\n<ul>\n<li><b>RKF\u00da Kol\u00e1rovo<\/b>\n<ul>\n<li>Kostoln\u00e9 n\u00e1mestie 17, 946 03 Kol\u00e1rovo<\/li>\n<li>kostol Nanebovzatia Panny M\u00e1rie (1724)<\/li>\n<\/ul>\n<\/li>\n<\/ul>\n<ul>\n<li><b>RKF\u00da Nov\u00e1 Str\u00e1\u017e<\/b>\n<ul>\n<li>945 04 Kom\u00e1rno 4<\/li>\n<li>kostol Pov\u00fd\u0161enia sv. Kr\u00ed\u017ea (1911)<\/li>\n<\/ul>\n<\/li>\n<\/ul>\n<ul>\n<li><b>RKF\u00da Mo\u010da<\/b>\n<ul>\n<li>946 37 Mo\u010da<\/li>\n<li>kostol Najsv\u00e4tej\u0161ej Trojice (1764)<\/li>\n<\/ul>\n<\/li>\n<\/ul>\n<ul>\n<li><b>RKF\u00da Okoli\u010dn\u00e1 na Ostrove<\/b>\n<ul>\n<li>\u00a0\u0160tefana Majora 35, 946 13 Okoli\u010dn\u00e1 na Ostrove<\/li>\n<li>kostol sv. August\u00edna (1830)<\/li>\n<\/ul>\n<\/li>\n<\/ul>\n<ul>\n<li><b>RKF\u00da Tr\u00e1vnik<\/b>\n<ul>\n<li>Hlavn\u00e1 67, 946 19 Tr\u00e1vnik<\/li>\n<li>kostol sv. Benedikt\u00edna (1763)<\/li>\n<\/ul>\n<\/li>\n<li><strong>RKF\u00da \u010c\u00ed\u010dov<\/strong>\n<ul>\n<li>Horn\u00e1 3\/6, 946 19 \u010c\u00ed\u010dov<\/li>\n<li>kostol Panny M\u00e1rie Nanebovzatej (1673)<\/li>\n<\/ul>\n<\/li>\n<\/ul>\n","protected":false},"excerpt":{"rendered":"<p>\u00a0 \u00a0 \u00a0 \u00a0 \u00a0 Erb dekan\u00e1tu &#8211;\u00a0\u010derven\u00fd \u0161t\u00edt pret\u00edna v strede delen\u00fd zlatostrieborn\u00fd ondrejsk\u00fd kr\u00ed\u017e (sv. Ondrej je patr\u00f3n dekansk\u00e9ho kostola), sprev\u00e1dzan\u00fd \u0161tyrmi hviezdami. Hore a dolu s\u00fa sedemc\u00edpe (symbol Panny M\u00e1rie) a po bokoch \u0161es\u0165c\u00edpe. Nad \u0161t\u00edtom sa vzn\u00e1\u0161a k\u0148azsk\u00fd klob\u00fak s dvoma strapcami na \u010diernej \u0161n\u00fare na ka\u017edej strane. [symple_divider style=&#8220;fadein&#8220; margin_top=&#8220;20px&#8220; margin_bottom=&#8220;20px&#8220;] Kom\u00e1r\u0148ansk\u00fd\u00a0dekan\u00e1t tvoria tieto farnosti: RKF\u00da\u00a0Kom\u00e1rno Palat\u00ednova\u00a011, 945 01\u00a0Kom\u00e1rno bazilika sv. Ondreja (1763) kostol sv. Roz\u00e1lie (1844) kaplnka sv. Anny (18. stor.) kaplnka sv. Jozefa (1741) kaplnka Fatimskej Panny M\u00e1rie (2024) RKF\u00da I\u017ea Hlavn\u00e1 1, 946 39 I\u017ea kostol sv. Michala Archanjela (1724) RKF\u00da Kameni\u010dn\u00e1 Hlavn\u00e1 120, 946 01 Kameni\u010dn\u00e1 kostol sv. Vendel\u00edna (1863) RKF\u00da Kol\u00e1rovo Kostoln\u00e9 n\u00e1mestie 17, 946 03 Kol\u00e1rovo kostol Nanebovzatia Panny M\u00e1rie (1724) RKF\u00da Nov\u00e1 Str\u00e1\u017e 945 04 Kom\u00e1rno 4 kostol Pov\u00fd\u0161enia sv. Kr\u00ed\u017ea (1911) RKF\u00da Mo\u010da 946 37 Mo\u010da kostol Najsv\u00e4tej\u0161ej Trojice (1764) RKF\u00da Okoli\u010dn\u00e1 na Ostrove \u00a0\u0160tefana Majora 35, 946 13 Okoli\u010dn\u00e1 na Ostrove kostol sv. August\u00edna (1830) RKF\u00da Tr\u00e1vnik Hlavn\u00e1 67, 946 19 Tr\u00e1vnik kostol sv. Benedikt\u00edna (1763) RKF\u00da \u010c\u00ed\u010dov Horn\u00e1 3\/6, 946 19 \u010c\u00ed\u010dov kostol Panny M\u00e1rie Nanebovzatej (1673)<\/p>\n","protected":false},"author":1,"featured_media":0,"parent":0,"menu_order":0,"comment_status":"open","ping_status":"open","template":"","meta":{"footnotes":""},"class_list":["post-23","page","type-page","status-publish","hentry"],"acf":[],"_links":{"self":[{"href":"https:\/\/www.komarno.fara.sk\/index.php?rest_route=\/wp\/v2\/pages\/23","targetHints":{"allow":["GET"]}}],"collection":[{"href":"https:\/\/www.komarno.fara.sk\/index.php?rest_route=\/wp\/v2\/pages"}],"about":[{"href":"https:\/\/www.komarno.fara.sk\/index.php?rest_route=\/wp\/v2\/types\/page"}],"author":[{"embeddable":true,"href":"https:\/\/www.komarno.fara.sk\/index.php?rest_route=\/wp\/v2\/users\/1"}],"replies":[{"embeddable":true,"href":"https:\/\/www.komarno.fara.sk\/index.php?rest_route=%2Fwp%2Fv2%2Fcomments&post=23"}],"version-history":[{"count":10,"href":"https:\/\/www.komarno.fara.sk\/index.php?rest_route=\/wp\/v2\/pages\/23\/revisions"}],"predecessor-version":[{"id":10078,"href":"https:\/\/www.komarno.fara.sk\/index.php?rest_route=\/wp\/v2\/pages\/23\/revisions\/10078"}],"wp:attachment":[{"href":"https:\/\/www.komarno.fara.sk\/index.php?rest_route=%2Fwp%2Fv2%2Fmedia&parent=23"}],"curies":[{"name":"wp","href":"https:\/\/api.w.org\/{rel}","templated":true}]}}