{"id":1079,"date":"2013-09-26T19:38:08","date_gmt":"2013-09-26T17:38:08","guid":{"rendered":"http:\/\/www.komarno.fara.sk\/?page_id=1079"},"modified":"2016-01-16T16:00:18","modified_gmt":"2016-01-16T15:00:18","slug":"kostol-sv-rozalie","status":"publish","type":"page","link":"https:\/\/www.komarno.fara.sk\/?page_id=1079","title":{"rendered":"Kostol sv. Roz\u00e1lie"},"content":{"rendered":"<p><img loading=\"lazy\" decoding=\"async\" class=\" wp-image-1078 alignleft\" src=\"http:\/\/www.komarno.fara.sk\/wp-content\/uploads\/2013\/09\/szent_rozalia_templom-300x216.jpg\" alt=\"szent_rozalia_templom\" width=\"403\" height=\"290\" srcset=\"https:\/\/www.komarno.fara.sk\/wp-content\/uploads\/2013\/09\/szent_rozalia_templom-300x216.jpg 300w, https:\/\/www.komarno.fara.sk\/wp-content\/uploads\/2013\/09\/szent_rozalia_templom.jpg 700w\" sizes=\"auto, (max-width: 403px) 100vw, 403px\" \/><\/p>\n<p>Zauj\u00edmavou pamiatkou postavenou v klasicistickom slohu je kostol sv. Roz\u00e1lie. Pozornos\u0165 up\u00fata netypickou formou rie\u0161enia jej tvaru. Budova bola projektovan\u00e1 pod\u013ea vzoru r\u00edmskych rot\u00fand. V exteri\u00e9ri k ov\u00e1lu lode, ktor\u00e1 je zaklenut\u00e1 laternovou kupolou, sa prip\u00e1ja obd\u013a\u017enikov\u00e9 presbyt\u00e9rium. Kostol bol postaven\u00fd na mieste star\u00e9ho kostola sv. Roz\u00e1lie, ktor\u00fd bol zb\u00faran\u00fd v 30. rokoch 19. storo\u010dia, ke\u010f musel ust\u00fapi\u0165 stavbe Palat\u00ednovej l\u00ednie, s\u00fa\u010dasti pevnostn\u00e9ho syst\u00e9mu Kom\u00e1rna. Za obdr\u017ean\u00e9 peniaze mesto postavilo nov\u00fd kostol.<\/p>\n<p style=\"text-align: justify;\">Nov\u00fd kostol bol postaven\u00fd v rokoch 1839-1844 spolu s malou kalv\u00e1riou. Postaven\u00fd je v empirickom slohu ( posledn\u00e9 obdobie klasicizmu ), okrem jedn\u00e9ho olt\u00e1ra zachovan\u00e9ho zo star\u00e9ho kostola v barokovom slohu. Kostol v\u00fdznamne posl\u00fa\u017eil v rokoch 1848-1849, po zni\u010den\u00ed kostola sv. Ondreja po\u017eiarom a reformovan\u00e9ho kostola bombardovan\u00edm v roku 1849. V tom obdob\u00ed sl\u00fa\u017eil reformovan\u00fdm aj katol\u00edckym veriacim a\u017e do obnovenia kostola sv. Ondreja. V rokoch 1860-1880 ho nav\u0161tevovali hlavne \u0161tudenti a \u017eiaci. Potom v rokoch 1880-1906 bol vyu\u017e\u00edvan\u00fd hlavne vojenskou pos\u00e1dkou, a\u017e k\u00fdm neprestavali franti\u0161k\u00e1nsky kostol na vojensk\u00fd. V tom \u010dase sa zistilo, \u017ee drevenn\u00e1 kon\u0161trukcia kostola je zhnit\u00e1. Preto ho zatvorili a nesk\u00f4r v roku 1908 obnovili. Od roku 1902 sa v kostole svietilo plynom a od roku 1935 elektrinou. Kostol bol znovu obnoven\u00fd v roku 2011.<\/p>\n","protected":false},"excerpt":{"rendered":"<p>Zauj\u00edmavou pamiatkou postavenou v klasicistickom slohu je kostol sv. Roz\u00e1lie. Pozornos\u0165 up\u00fata netypickou formou rie\u0161enia jej tvaru. Budova bola projektovan\u00e1 pod\u013ea vzoru r\u00edmskych rot\u00fand. V exteri\u00e9ri k ov\u00e1lu lode, ktor\u00e1 je zaklenut\u00e1 laternovou kupolou, sa prip\u00e1ja obd\u013a\u017enikov\u00e9 presbyt\u00e9rium. Kostol bol postaven\u00fd na mieste star\u00e9ho kostola sv. Roz\u00e1lie, ktor\u00fd bol zb\u00faran\u00fd v 30. rokoch 19. storo\u010dia, ke\u010f musel ust\u00fapi\u0165 stavbe Palat\u00ednovej l\u00ednie, s\u00fa\u010dasti pevnostn\u00e9ho syst\u00e9mu Kom\u00e1rna. Za obdr\u017ean\u00e9 peniaze mesto postavilo nov\u00fd kostol. Nov\u00fd kostol bol postaven\u00fd v rokoch 1839-1844 spolu s malou kalv\u00e1riou. Postaven\u00fd je v empirickom slohu ( posledn\u00e9 obdobie klasicizmu ), okrem jedn\u00e9ho olt\u00e1ra zachovan\u00e9ho zo star\u00e9ho kostola v barokovom slohu. Kostol v\u00fdznamne posl\u00fa\u017eil v rokoch 1848-1849, po zni\u010den\u00ed kostola sv. Ondreja po\u017eiarom a reformovan\u00e9ho kostola bombardovan\u00edm v roku 1849. V tom obdob\u00ed sl\u00fa\u017eil reformovan\u00fdm aj katol\u00edckym veriacim a\u017e do obnovenia kostola sv. Ondreja. V rokoch 1860-1880 ho nav\u0161tevovali hlavne \u0161tudenti a \u017eiaci. Potom v rokoch 1880-1906 bol vyu\u017e\u00edvan\u00fd hlavne vojenskou pos\u00e1dkou, a\u017e k\u00fdm neprestavali franti\u0161k\u00e1nsky kostol na vojensk\u00fd. V tom \u010dase sa zistilo, \u017ee drevenn\u00e1 kon\u0161trukcia kostola je zhnit\u00e1. Preto ho zatvorili a nesk\u00f4r v roku 1908 obnovili. Od roku 1902 sa v kostole svietilo plynom a od roku 1935 elektrinou. Kostol bol znovu obnoven\u00fd v roku 2011.<\/p>\n","protected":false},"author":1,"featured_media":0,"parent":1084,"menu_order":0,"comment_status":"open","ping_status":"open","template":"","meta":{"footnotes":""},"class_list":["post-1079","page","type-page","status-publish","hentry"],"acf":[],"_links":{"self":[{"href":"https:\/\/www.komarno.fara.sk\/index.php?rest_route=\/wp\/v2\/pages\/1079","targetHints":{"allow":["GET"]}}],"collection":[{"href":"https:\/\/www.komarno.fara.sk\/index.php?rest_route=\/wp\/v2\/pages"}],"about":[{"href":"https:\/\/www.komarno.fara.sk\/index.php?rest_route=\/wp\/v2\/types\/page"}],"author":[{"embeddable":true,"href":"https:\/\/www.komarno.fara.sk\/index.php?rest_route=\/wp\/v2\/users\/1"}],"replies":[{"embeddable":true,"href":"https:\/\/www.komarno.fara.sk\/index.php?rest_route=%2Fwp%2Fv2%2Fcomments&post=1079"}],"version-history":[{"count":8,"href":"https:\/\/www.komarno.fara.sk\/index.php?rest_route=\/wp\/v2\/pages\/1079\/revisions"}],"predecessor-version":[{"id":3713,"href":"https:\/\/www.komarno.fara.sk\/index.php?rest_route=\/wp\/v2\/pages\/1079\/revisions\/3713"}],"up":[{"embeddable":true,"href":"https:\/\/www.komarno.fara.sk\/index.php?rest_route=\/wp\/v2\/pages\/1084"}],"wp:attachment":[{"href":"https:\/\/www.komarno.fara.sk\/index.php?rest_route=%2Fwp%2Fv2%2Fmedia&parent=1079"}],"curies":[{"name":"wp","href":"https:\/\/api.w.org\/{rel}","templated":true}]}}