{"id":4610,"date":"2014-11-08T20:16:15","date_gmt":"2014-11-08T19:16:15","guid":{"rendered":"http:\/\/www.komarno.fara.sk\/?page_id=4610"},"modified":"2021-01-26T16:59:08","modified_gmt":"2021-01-26T15:59:08","slug":"sviatost-pomazania-chorych","status":"publish","type":"page","link":"http:\/\/www.komarno.fara.sk\/?page_id=4610","title":{"rendered":"Sviatos\u0165 pomazania chor\u00fdch"},"content":{"rendered":"<p style=\"text-align: right;\"><span style=\"font-size: 12pt;\"><em>&#8222;Je niekto z v\u00e1s chor\u00fd?&nbsp;<\/em><em>Nech si zavol\u00e1 star\u0161\u00edch Cirkvi; a nech sa nad n\u00edm modlia a ma\u017e\u00fa ho olejom v P\u00e1novom mene. Modlitba s vierou uzdrav\u00ed chor\u00e9ho a P\u00e1n mu u\u013eav\u00ed; a ak sa dopustil hriechov, odpustia sa mu.&#8220; (Jak 5, 14-15)<\/em><\/span><\/p>\n<p>&nbsp;<\/p>\n<p style=\"text-align: justify;\"><span style=\"font-size: 12pt;\">Evanjeli\u00e1 dostato\u010dne dosved\u010duj\u00fa, ak\u00fa telesn\u00fa i duchovn\u00fa starostlivos\u0165 venoval chor\u00fdm P\u00e1n a ako ju prik\u00e1zal preukazova\u0165 aj svojim veriacim. Najlep\u0161ie to dokazuje sviatos\u0165 pomazania, ktor\u00fa s\u00e1m ustanovil a v Liste sv\u00e4t\u00e9ho Jakuba ju ohl\u00e1sil. Odvtedy ju Cirkev pomazan\u00edm a modlitbou k\u0148azov sl\u00e1vi pre svojich chor\u00fdch, pri\u010dom ich odpor\u00fa\u010da trpiacemu a osl\u00e1ven\u00e9mu P\u00e1novi, aby im u\u013eavil a aby ich spasil <em>(Jak 5,14-16)<\/em>, &nbsp;ba ich povzbudzuje, aby sa dobrovo\u013ene spojili s utrpen\u00edm a smr\u0165ou Krista <em>(porov. Kol 1,24)<\/em>, a tak prispievali k dobru Bo\u017eieho \u013eudu.<\/span><\/p>\n<p style=\"text-align: justify;\"><span style=\"font-size: 12pt;\">Ve\u010f \u010dlovek, ktor\u00fd v\u00e1\u017ene ochorel, potrebuje osobitn\u00fa Bo\u017eiu milos\u0165, aby pod tlakom \u00fazkosti neupadol do malomyse\u013enosti a aby vystaven\u00fd poku\u0161eniam azda neklesol vo viere.<\/span><\/p>\n<p style=\"text-align: justify;\"><span style=\"font-size: 12pt;\">Preto Kristus svojich chor\u00fdch veriacich posil\u0148uje sviatos\u0165ou pomazania ako mimoriadne silnou ochranou. Sl\u00e1venie tejto sviatosti spo\u010d\u00edva predov\u0161etk\u00fdm v tom, \u017ee k\u0148azi Cirkvi najprv vkladaj\u00fa ruky na chor\u00e9ho, potom predn\u00e1\u0161aj\u00fa modlitbu viery a chor\u00fdch poma\u017e\u00fa olejom posv\u00e4ten\u00fdm Bo\u017e\u00edm po\u017eehnan\u00edm. T\u00fdmto obradom sa nazna\u010duje aj ude\u013euje sviatostn\u00e1 milos\u0165 Ducha Sv\u00e4t\u00e9ho, ktor\u00e1 pom\u00e1ha cel\u00e9mu \u010dlovekovi k sp\u00e1se, d\u00f4verou v Boha ho pozdvihuje a posil\u0148uje proti poku\u0161eniam zl\u00e9ho ducha a proti \u00fazkosti pred smr\u0165ou, aby vedel zlo nielen odv\u00e1\u017ene zn\u00e1\u0161a\u0165, ale aj proti nemu bojova\u0165, a z\u00edskal aj zdravie, ak to oso\u017e\u00ed jeho duchovnej sp\u00e1se. Ak je to potrebn\u00e9, ude\u013euje aj odpustenie hriechov a zavr\u0161uje kres\u0165ansk\u00e9 pok\u00e1nie.<\/span><\/p>\n<p style=\"text-align: justify;\"><span style=\"font-size: 12pt;\">KOMU SA UDE\u013dUJE<\/span><\/p>\n<p style=\"text-align: justify;\"><span style=\"font-size: 12pt;\">Sv\u00e4t\u00e9 pomazanie sa m\u00e1 udeli\u0165 so v\u0161etkou horlivos\u0165ou a starostlivos\u0165ou <strong>veriacim, ktor\u00ed s\u00fa pre chorobu alebo starobu v nebezpe\u010denstve \u017eivota<\/strong>. Na pos\u00fadenie v\u00e1\u017enosti ochorenia sta\u010d\u00ed rozumn\u00fd \u010di\u017ee pravdepodobn\u00fd \u00fasudok, pri\u010dom sa treba vyhn\u00fa\u0165 akejko\u013evek \u00fazkostlivosti.<\/span><\/p>\n<p style=\"text-align: justify;\"><span style=\"font-size: 12pt;\"><strong>T\u00e1to sviatos\u0165 sa m\u00f4\u017ee opakova\u0165<\/strong>, ak chor\u00fd po prijat\u00ed pomazania vyzdravel a znova upadol do \u0165a\u017ekej choroby, alebo ak sa po\u010das trvania tej istej choroby nebezpe\u010denstvo stalo v\u00e1\u017enej\u0161\u00edm.<\/span><\/p>\n<p style=\"text-align: justify;\"><span style=\"font-size: 12pt;\"><strong>Pred oper\u00e1ciou<\/strong> sa sv\u00e4t\u00e9 pomazanie m\u00f4\u017ee udeli\u0165 chor\u00e9mu v\u017edy, ke\u010f d\u00f4vodom samej oper\u00e1cie je nebezpe\u010dn\u00e1 choroba.<\/span><\/p>\n<p style=\"text-align: justify;\"><span style=\"font-size: 12pt;\">Sv\u00e4t\u00e9 pomazanie sa m\u00f4\u017ee udeli\u0165 aj <strong>star\u00fdm \u013eu\u010fom, ktor\u00ed zna\u010dne upadli na sile,<\/strong> hoci nevidie\u0165, \u017ee by boli nebezpe\u010dne chor\u00ed.<\/span><\/p>\n<p style=\"text-align: justify;\"><span style=\"font-size: 12pt;\">Sv\u00e4t\u00e9 pomazanie sa m\u00e1 udeli\u0165 aj <strong>de\u0165om<\/strong>, a to vtedy, ke\u010f pou\u017e\u00edvaj\u00fa rozum nato\u013eko, \u017ee ich t\u00e1to sviatos\u0165 m\u00f4\u017ee posilni\u0165. V pochybnosti, \u010di dosiahli pou\u017e\u00edvanie rozumu, sviatos\u0165 sa m\u00e1 udeli\u0165.<\/span><\/p>\n<p style=\"text-align: justify;\"><span style=\"font-size: 12pt;\"><strong>Veriaci maj\u00fa by\u0165 spr\u00e1vne pou\u010den\u00ed, aby si sami \u017eiadali pomazanie a aby ho hne\u010f, ako sa im naskytne vhodn\u00fd \u010das na jeho prijatie, prijali ho so \u017eivou vierou a n\u00e1bo\u017en\u00fdm duchom a&nbsp;<span style=\"text-decoration: underline;\">nepod\u013eahli zlozvyku od\u010fa\u013eova\u0165 sviatos\u0165, na posledn\u00e9 okamihy \u017eivota.<\/span> Rovnako v\u0161etci, ktor\u00ed opatruj\u00fa chor\u00fdch, ako aj rodinn\u00ed pr\u00edslu\u0161n\u00edci, maj\u00fa by\u0165 pou\u010den\u00ed o povahe tejto sviatosti a zavola\u0165 k\u0148aza v dostato\u010dnom predstihu.<\/strong><\/span><\/p>\n<p style=\"text-align: justify;\"><span style=\"font-size: 12pt;\">Ak k\u0148aza volaj\u00fa na posledn\u00fa chv\u00ed\u013eu k chor\u00e9mu, ktor\u00fd sk\u00f4r, ako k\u0148az stihne pr\u00eds\u0165, umrie, nech pros\u00ed za\u0148ho Boha, aby mu odpustil hriechy a milostivo ho prijal do svojho kr\u00e1\u013eovstva,&nbsp;<strong>pomazanie nech mu k\u0148az v\u0161ak u\u017e neudel\u00ed.<\/strong><\/span><\/p>\n<p style=\"text-align: justify;\"><span style=\"font-size: 12pt;\">V na\u0161ej farnosti nav\u0161tevujeme chor\u00fdch, star\u00fdch a nevl\u00e1dnych priamo v ich dom\u00e1cnostiach, oby\u010dajne v prv\u00fd \u0161tvrtok a prv\u00fd piatok v mesiaci. <strong>Nahl\u00e1si\u0165<\/strong> takto chor\u00e9ho \u010dloveka m\u00f4\u017eete bu\u010f<strong> osobne vo farskej kancel\u00e1rii<\/strong> (pracovn\u00e9 dni od 8:00 &#8211; 12:00), alebo priamo prostredn\u00edctvom <strong><a href=\"https:\/\/docs.google.com\/forms\/d\/1HTDpU-8k0GlTrZvNarynSqQoMuAtWP5cbL0vRVLDNMg\/viewform\" target=\"_blank\">tohto formul\u00e1ra &#8211; FORMUL\u00c1R NAHL\u00c1SENIA CHOR\u00ddCH<\/a><\/strong><\/span><\/p>\n<p style=\"text-align: justify;\"><span style=\"font-size: 12pt;\">V s\u00farnom pr\u00edpade kontaktujte <strong><a href=\"http:\/\/www.komarno.fara.sk\/?page_id=2\" target=\"_blank\">farsk\u00fa kancel\u00e1riu &#8211; <span style=\"text-decoration: underline;\"><span style=\"color: #ff0000; text-decoration: underline;\">KONTAKT<\/span><\/span><\/a><span style=\"color: #ff0000;\">&nbsp;<\/span><\/strong>, alebo priamo k\u0148aza &#8211; 035 77 13 326.<\/span><\/p>\n<p>&nbsp;<\/p>\n<p><span style=\"font-size: 12pt;\"><strong>VYSLUHOVANIE SVIATOSTI ZMIERENIA PRED VE\u013dKOU NOCOU:<\/strong><\/span><\/p>\n<p><span style=\"font-size: 12pt;\">&#8211; \u0160tvrtok,&nbsp;<strong>26. marca 2015, od 9:00 hod &#8211; 15:00 hod. &#8211; spovedanie chor\u00fdch v dom\u00e1cnostiach<\/strong><\/span><\/p>\n","protected":false},"excerpt":{"rendered":"<p>&#8222;Je niekto z v\u00e1s chor\u00fd?&nbsp;Nech si zavol\u00e1 star\u0161\u00edch Cirkvi; a nech sa nad n\u00edm modlia a ma\u017e\u00fa ho olejom v P\u00e1novom mene. Modlitba s vierou uzdrav\u00ed chor\u00e9ho a P\u00e1n mu u\u013eav\u00ed; a ak sa dopustil hriechov, odpustia sa mu.&#8220; (Jak 5, 14-15) &nbsp; Evanjeli\u00e1 dostato\u010dne dosved\u010duj\u00fa, ak\u00fa telesn\u00fa i duchovn\u00fa starostlivos\u0165 venoval chor\u00fdm P\u00e1n a ako ju prik\u00e1zal preukazova\u0165 aj svojim veriacim. Najlep\u0161ie to dokazuje sviatos\u0165 pomazania, ktor\u00fa s\u00e1m ustanovil a v Liste sv\u00e4t\u00e9ho Jakuba ju ohl\u00e1sil. Odvtedy ju Cirkev pomazan\u00edm a modlitbou k\u0148azov sl\u00e1vi pre svojich chor\u00fdch, pri\u010dom ich odpor\u00fa\u010da trpiacemu a osl\u00e1ven\u00e9mu P\u00e1novi, aby im u\u013eavil a aby ich spasil (Jak 5,14-16), &nbsp;ba ich povzbudzuje, aby sa dobrovo\u013ene spojili s utrpen\u00edm a smr\u0165ou Krista (porov. Kol 1,24), a tak prispievali k dobru Bo\u017eieho \u013eudu. Ve\u010f \u010dlovek, ktor\u00fd v\u00e1\u017ene ochorel, potrebuje osobitn\u00fa Bo\u017eiu milos\u0165, aby pod tlakom \u00fazkosti neupadol do malomyse\u013enosti a aby vystaven\u00fd poku\u0161eniam azda neklesol vo viere. Preto Kristus svojich chor\u00fdch veriacich posil\u0148uje sviatos\u0165ou pomazania ako mimoriadne silnou ochranou. Sl\u00e1venie tejto sviatosti spo\u010d\u00edva predov\u0161etk\u00fdm v tom, \u017ee k\u0148azi Cirkvi najprv vkladaj\u00fa ruky na chor\u00e9ho, potom predn\u00e1\u0161aj\u00fa modlitbu viery a chor\u00fdch poma\u017e\u00fa olejom posv\u00e4ten\u00fdm Bo\u017e\u00edm po\u017eehnan\u00edm. T\u00fdmto obradom sa nazna\u010duje aj ude\u013euje sviatostn\u00e1 milos\u0165 Ducha Sv\u00e4t\u00e9ho, ktor\u00e1 pom\u00e1ha cel\u00e9mu \u010dlovekovi k sp\u00e1se, d\u00f4verou v Boha ho pozdvihuje a posil\u0148uje proti poku\u0161eniam zl\u00e9ho ducha a proti \u00fazkosti pred smr\u0165ou, aby vedel zlo nielen odv\u00e1\u017ene zn\u00e1\u0161a\u0165, ale aj proti nemu bojova\u0165, a z\u00edskal aj zdravie, ak to oso\u017e\u00ed jeho duchovnej sp\u00e1se. Ak je to potrebn\u00e9, ude\u013euje aj odpustenie hriechov a zavr\u0161uje kres\u0165ansk\u00e9 pok\u00e1nie. KOMU SA UDE\u013dUJE Sv\u00e4t\u00e9 pomazanie sa m\u00e1 udeli\u0165 so v\u0161etkou horlivos\u0165ou a starostlivos\u0165ou veriacim, ktor\u00ed s\u00fa pre chorobu alebo starobu v nebezpe\u010denstve \u017eivota. Na pos\u00fadenie v\u00e1\u017enosti ochorenia sta\u010d\u00ed rozumn\u00fd \u010di\u017ee pravdepodobn\u00fd \u00fasudok, pri\u010dom sa treba vyhn\u00fa\u0165 akejko\u013evek \u00fazkostlivosti. T\u00e1to sviatos\u0165 sa m\u00f4\u017ee opakova\u0165, ak chor\u00fd po prijat\u00ed pomazania vyzdravel a znova upadol do \u0165a\u017ekej choroby, alebo ak sa po\u010das trvania tej istej choroby nebezpe\u010denstvo stalo v\u00e1\u017enej\u0161\u00edm. Pred oper\u00e1ciou sa sv\u00e4t\u00e9 pomazanie m\u00f4\u017ee udeli\u0165 chor\u00e9mu v\u017edy, ke\u010f d\u00f4vodom samej oper\u00e1cie je nebezpe\u010dn\u00e1 choroba. Sv\u00e4t\u00e9 pomazanie sa m\u00f4\u017ee udeli\u0165 aj star\u00fdm \u013eu\u010fom, ktor\u00ed zna\u010dne upadli na sile, hoci nevidie\u0165, \u017ee by boli nebezpe\u010dne chor\u00ed. Sv\u00e4t\u00e9 pomazanie sa m\u00e1 udeli\u0165 aj de\u0165om, a to vtedy, ke\u010f pou\u017e\u00edvaj\u00fa rozum nato\u013eko, \u017ee ich t\u00e1to sviatos\u0165 m\u00f4\u017ee posilni\u0165. V pochybnosti, \u010di dosiahli pou\u017e\u00edvanie rozumu, sviatos\u0165 sa m\u00e1 udeli\u0165. Veriaci maj\u00fa by\u0165 spr\u00e1vne pou\u010den\u00ed, aby si sami \u017eiadali pomazanie a aby ho hne\u010f, ako sa im naskytne vhodn\u00fd \u010das na jeho prijatie, prijali ho so \u017eivou vierou a n\u00e1bo\u017en\u00fdm duchom a&nbsp;nepod\u013eahli zlozvyku od\u010fa\u013eova\u0165 sviatos\u0165, na posledn\u00e9 okamihy \u017eivota. Rovnako v\u0161etci, ktor\u00ed opatruj\u00fa chor\u00fdch, ako aj rodinn\u00ed pr\u00edslu\u0161n\u00edci, maj\u00fa by\u0165 pou\u010den\u00ed o povahe tejto sviatosti a zavola\u0165 k\u0148aza v dostato\u010dnom predstihu. Ak k\u0148aza volaj\u00fa na posledn\u00fa chv\u00ed\u013eu k chor\u00e9mu, ktor\u00fd sk\u00f4r, ako k\u0148az stihne pr\u00eds\u0165, umrie, nech pros\u00ed za\u0148ho Boha, aby mu odpustil hriechy a milostivo ho prijal do svojho kr\u00e1\u013eovstva,&nbsp;pomazanie nech mu k\u0148az v\u0161ak u\u017e neudel\u00ed. V na\u0161ej farnosti nav\u0161tevujeme chor\u00fdch, star\u00fdch a nevl\u00e1dnych priamo v ich dom\u00e1cnostiach, oby\u010dajne v prv\u00fd \u0161tvrtok a prv\u00fd piatok v mesiaci. Nahl\u00e1si\u0165 takto chor\u00e9ho \u010dloveka m\u00f4\u017eete bu\u010f osobne vo farskej kancel\u00e1rii (pracovn\u00e9 dni od 8:00 &#8211; 12:00), alebo priamo prostredn\u00edctvom tohto formul\u00e1ra &#8211; FORMUL\u00c1R NAHL\u00c1SENIA CHOR\u00ddCH V s\u00farnom pr\u00edpade kontaktujte farsk\u00fa kancel\u00e1riu &#8211; KONTAKT&nbsp;, alebo priamo k\u0148aza &#8211; 035 77 13 326. &nbsp; VYSLUHOVANIE SVIATOSTI ZMIERENIA PRED VE\u013dKOU NOCOU: &#8211; \u0160tvrtok,&nbsp;26. marca 2015, od 9:00 hod &#8211; 15:00 hod. &#8211; spovedanie chor\u00fdch v dom\u00e1cnostiach<\/p>\n","protected":false},"author":1,"featured_media":0,"parent":4456,"menu_order":0,"comment_status":"open","ping_status":"open","template":"","meta":{"footnotes":""},"class_list":["post-4610","page","type-page","status-publish","hentry"],"acf":[],"_links":{"self":[{"href":"http:\/\/www.komarno.fara.sk\/index.php?rest_route=\/wp\/v2\/pages\/4610","targetHints":{"allow":["GET"]}}],"collection":[{"href":"http:\/\/www.komarno.fara.sk\/index.php?rest_route=\/wp\/v2\/pages"}],"about":[{"href":"http:\/\/www.komarno.fara.sk\/index.php?rest_route=\/wp\/v2\/types\/page"}],"author":[{"embeddable":true,"href":"http:\/\/www.komarno.fara.sk\/index.php?rest_route=\/wp\/v2\/users\/1"}],"replies":[{"embeddable":true,"href":"http:\/\/www.komarno.fara.sk\/index.php?rest_route=%2Fwp%2Fv2%2Fcomments&post=4610"}],"version-history":[{"count":18,"href":"http:\/\/www.komarno.fara.sk\/index.php?rest_route=\/wp\/v2\/pages\/4610\/revisions"}],"predecessor-version":[{"id":8702,"href":"http:\/\/www.komarno.fara.sk\/index.php?rest_route=\/wp\/v2\/pages\/4610\/revisions\/8702"}],"up":[{"embeddable":true,"href":"http:\/\/www.komarno.fara.sk\/index.php?rest_route=\/wp\/v2\/pages\/4456"}],"wp:attachment":[{"href":"http:\/\/www.komarno.fara.sk\/index.php?rest_route=%2Fwp%2Fv2%2Fmedia&parent=4610"}],"curies":[{"name":"wp","href":"https:\/\/api.w.org\/{rel}","templated":true}]}}